{"id":2138,"date":"2021-11-23T12:03:02","date_gmt":"2021-11-23T11:03:02","guid":{"rendered":"https:\/\/www.1783dimoradepoca.com\/la-grotte\/"},"modified":"2022-07-07T20:04:18","modified_gmt":"2022-07-07T18:04:18","slug":"la-grotte-et-les-terrasses","status":"publish","type":"page","link":"https:\/\/www.1783dimoradepoca.com\/fr\/la-grotte-et-les-terrasses\/","title":{"rendered":"La Grotte et les Terrasses"},"content":{"rendered":"<p>[et_pb_section fb_built=\u00a0\u00bb1&Prime; fullwidth=\u00a0\u00bbon\u00a0\u00bb _builder_version=\u00a0\u00bb4.7.4&Prime; _module_preset=\u00a0\u00bbdefault\u00a0\u00bb global_colors_info=\u00a0\u00bb{}\u00a0\u00bb][et_pb_fullwidth_header title=\u00a0\u00bbLa grotte\u00a0\u00bb text_orientation=\u00a0\u00bbcenter\u00a0\u00bb background_overlay_color=\u00a0\u00bbrgba(0,0,0,0)\u00a0\u00bb subhead_font_color=\u00a0\u00bb#bebebe\u00a0\u00bb disabled_on=\u00a0\u00bbon|on|off\u00a0\u00bb _builder_version=\u00a0\u00bb4.14.8&Prime; title_font=\u00a0\u00bb||||||||\u00a0\u00bb title_text_color=\u00a0\u00bb#ffffff\u00a0\u00bb title_font_size=\u00a0\u00bb72px\u00a0\u00bb title_line_height=\u00a0\u00bb1.3em\u00a0\u00bb content_font=\u00a0\u00bb||||||||\u00a0\u00bb content_text_color=\u00a0\u00bb#ffffff\u00a0\u00bb content_font_size=\u00a0\u00bb19px\u00a0\u00bb content_line_height=\u00a0\u00bb1.8em\u00a0\u00bb subhead_font=\u00a0\u00bbMontserrat||||\u00a0\u00bb subhead_text_color=\u00a0\u00bb#bebebe\u00a0\u00bb subhead_line_height=\u00a0\u00bb1.8em\u00a0\u00bb background_enable_color=\u00a0\u00bboff\u00a0\u00bb use_background_color_gradient=\u00a0\u00bbon\u00a0\u00bb background_color_gradient_start=\u00a0\u00bb#a48a7b\u00a0\u00bb background_color_gradient_end=\u00a0\u00bbrgba(0,0,0,0)\u00a0\u00bb background_color_gradient_direction=\u00a0\u00bb360deg\u00a0\u00bb background_color_gradient_start_position=\u00a0\u00bb20%\u00a0\u00bb background_color_gradient_overlays_image=\u00a0\u00bbon\u00a0\u00bb background_image=\u00a0\u00bbhttps:\/\/www.1783dimoradepoca.com\/wp-content\/uploads\/2022\/02\/1783-dimora-d-epoca-grotta-6.jpeg\u00a0\u00bb background_position=\u00a0\u00bbtop_center\u00a0\u00bb custom_padding=\u00a0\u00bb5%||5%|\u00a0\u00bb title_line_height_last_edited=\u00a0\u00bboff|desktop\u00a0\u00bb global_colors_info=\u00a0\u00bb{}\u00a0\u00bb button_one_text_size__hover_enabled=\u00a0\u00bboff\u00a0\u00bb button_two_text_size__hover_enabled=\u00a0\u00bboff\u00a0\u00bb button_one_text_color__hover_enabled=\u00a0\u00bboff\u00a0\u00bb button_two_text_color__hover_enabled=\u00a0\u00bboff\u00a0\u00bb button_one_border_width__hover_enabled=\u00a0\u00bboff\u00a0\u00bb button_two_border_width__hover_enabled=\u00a0\u00bboff\u00a0\u00bb button_one_border_color__hover_enabled=\u00a0\u00bboff\u00a0\u00bb button_two_border_color__hover_enabled=\u00a0\u00bboff\u00a0\u00bb button_one_border_radius__hover_enabled=\u00a0\u00bboff\u00a0\u00bb button_two_border_radius__hover_enabled=\u00a0\u00bboff\u00a0\u00bb button_one_letter_spacing__hover_enabled=\u00a0\u00bboff\u00a0\u00bb button_two_letter_spacing__hover_enabled=\u00a0\u00bboff\u00a0\u00bb button_one_bg_color__hover_enabled=\u00a0\u00bboff\u00a0\u00bb button_two_bg_color__hover_enabled=\u00a0\u00bboff\u00a0\u00bb]<\/p>\n<p class=\"p1\"><span class=\"s1\">Lorsque nous avons d\u00e9cid\u00e9 de fonder 1783, nous n\u2019imaginions pas que la Dimora avait \u00e9t\u00e9 construite sur un petit tr\u00e9sor&#8230; une vieille citerne souterraine.<\/span><\/p>\n<p class=\"p1\"><span class=\"s1\">Enti\u00e8rement d\u00e9pouill\u00e9e du b\u00e9ton qui l\u2019habillait, la pierre d\u2019origine a \u00e9t\u00e9 ramen\u00e9e \u00e0 la lumi\u00e8re.<\/span><\/p>\n<p class=\"p1\"><span class=\"s1\">R\u00e9sultat\u00a0: une grotte en pierre rouge\u00e2tre que nous avons imm\u00e9diatement r\u00eav\u00e9 d\u2019am\u00e9nager en un coin de d\u00e9tente et de s\u00e9r\u00e9nit\u00e9, un coin hors du temps.<\/span><\/p>\n<p>[\/et_pb_fullwidth_header][\/et_pb_section][et_pb_section fb_built=\u00a0\u00bb1&Prime; fullwidth=\u00a0\u00bbon\u00a0\u00bb _builder_version=\u00a0\u00bb4.7.4&Prime; _module_preset=\u00a0\u00bbdefault\u00a0\u00bb global_colors_info=\u00a0\u00bb{}\u00a0\u00bb][et_pb_fullwidth_header text_orientation=\u00a0\u00bbcenter\u00a0\u00bb background_overlay_color=\u00a0\u00bbrgba(0,0,0,0)\u00a0\u00bb subhead_font_color=\u00a0\u00bb#bebebe\u00a0\u00bb disabled_on=\u00a0\u00bboff|off|on\u00a0\u00bb _builder_version=\u00a0\u00bb4.14.8&Prime; title_font=\u00a0\u00bb||||||||\u00a0\u00bb title_text_color=\u00a0\u00bb#ffffff\u00a0\u00bb title_font_size=\u00a0\u00bb72px\u00a0\u00bb title_line_height=\u00a0\u00bb1.3em\u00a0\u00bb content_font=\u00a0\u00bb||||||||\u00a0\u00bb content_text_color=\u00a0\u00bb#ffffff\u00a0\u00bb content_font_size=\u00a0\u00bb19px\u00a0\u00bb content_line_height=\u00a0\u00bb1.8em\u00a0\u00bb subhead_font=\u00a0\u00bbMontserrat||||\u00a0\u00bb subhead_text_color=\u00a0\u00bb#bebebe\u00a0\u00bb subhead_line_height=\u00a0\u00bb1.8em\u00a0\u00bb background_enable_color=\u00a0\u00bboff\u00a0\u00bb use_background_color_gradient=\u00a0\u00bbon\u00a0\u00bb background_color_gradient_start=\u00a0\u00bb#a48a7b\u00a0\u00bb background_color_gradient_end=\u00a0\u00bbrgba(0,0,0,0)\u00a0\u00bb background_color_gradient_direction=\u00a0\u00bb360deg\u00a0\u00bb background_color_gradient_start_position=\u00a0\u00bb20%\u00a0\u00bb background_color_gradient_overlays_image=\u00a0\u00bbon\u00a0\u00bb background_image=\u00a0\u00bbhttps:\/\/www.1783dimoradepoca.com\/wp-content\/uploads\/2022\/02\/1783-dimora-d-epoca-grotta-6.jpeg\u00a0\u00bb background_position=\u00a0\u00bbtop_center\u00a0\u00bb custom_padding=\u00a0\u00bb5%||5%|\u00a0\u00bb title_line_height_last_edited=\u00a0\u00bboff|desktop\u00a0\u00bb global_colors_info=\u00a0\u00bb{}\u00a0\u00bb button_one_text_size__hover_enabled=\u00a0\u00bboff\u00a0\u00bb button_two_text_size__hover_enabled=\u00a0\u00bboff\u00a0\u00bb button_one_text_color__hover_enabled=\u00a0\u00bboff\u00a0\u00bb button_two_text_color__hover_enabled=\u00a0\u00bboff\u00a0\u00bb button_one_border_width__hover_enabled=\u00a0\u00bboff\u00a0\u00bb button_two_border_width__hover_enabled=\u00a0\u00bboff\u00a0\u00bb button_one_border_color__hover_enabled=\u00a0\u00bboff\u00a0\u00bb button_two_border_color__hover_enabled=\u00a0\u00bboff\u00a0\u00bb button_one_border_radius__hover_enabled=\u00a0\u00bboff\u00a0\u00bb button_two_border_radius__hover_enabled=\u00a0\u00bboff\u00a0\u00bb button_one_letter_spacing__hover_enabled=\u00a0\u00bboff\u00a0\u00bb button_two_letter_spacing__hover_enabled=\u00a0\u00bboff\u00a0\u00bb button_one_bg_color__hover_enabled=\u00a0\u00bboff\u00a0\u00bb button_two_bg_color__hover_enabled=\u00a0\u00bboff\u00a0\u00bb]<\/p>\n<h2 class=\"p1\" style=\"text-align: center;\"><span class=\"s1\">La grotte<\/span><\/h2>\n<p class=\"p1\"><span class=\"s1\">Lorsque nous avons d\u00e9cid\u00e9 de fonder 1783, nous n\u2019imaginions pas que la Dimora avait \u00e9t\u00e9 construite sur un petit tr\u00e9sor&#8230; une vieille citerne souterraine.<\/span><\/p>\n<p class=\"p1\"><span class=\"s1\">Enti\u00e8rement d\u00e9pouill\u00e9e du b\u00e9ton qui l\u2019habillait, la pierre d\u2019origine a \u00e9t\u00e9 ramen\u00e9e \u00e0 la lumi\u00e8re.<\/span><\/p>\n<p class=\"p1\"><span class=\"s1\">R\u00e9sultat\u00a0: une grotte en pierre rouge\u00e2tre que nous avons imm\u00e9diatement r\u00eav\u00e9 d\u2019am\u00e9nager en un coin de d\u00e9tente et de s\u00e9r\u00e9nit\u00e9, un coin hors du temps.<\/span><\/p>\n<p>[\/et_pb_fullwidth_header][\/et_pb_section][et_pb_section fb_built=\u00a0\u00bb1&Prime; _builder_version=\u00a0\u00bb4.7.4&Prime; _module_preset=\u00a0\u00bbdefault\u00a0\u00bb global_colors_info=\u00a0\u00bb{}\u00a0\u00bb][et_pb_row _builder_version=\u00a0\u00bb4.7.4&Prime; _module_preset=\u00a0\u00bbdefault\u00a0\u00bb global_colors_info=\u00a0\u00bb{}\u00a0\u00bb][et_pb_column type=\u00a0\u00bb4_4&Prime; _builder_version=\u00a0\u00bb4.7.4&Prime; _module_preset=\u00a0\u00bbdefault\u00a0\u00bb global_colors_info=\u00a0\u00bb{}\u00a0\u00bb][et_pb_gallery gallery_ids=\u00a0\u00bb2394,2397,2391,2388,2385,2382&Prime; orientation=\u00a0\u00bbportrait\u00a0\u00bb show_title_and_caption=\u00a0\u00bboff\u00a0\u00bb _builder_version=\u00a0\u00bb4.14.8&Prime; _module_preset=\u00a0\u00bbdefault\u00a0\u00bb global_colors_info=\u00a0\u00bb{}\u00a0\u00bb][\/et_pb_gallery][\/et_pb_column][\/et_pb_row][\/et_pb_section][et_pb_section fb_built=\u00a0\u00bb1&Prime; fullwidth=\u00a0\u00bbon\u00a0\u00bb _builder_version=\u00a0\u00bb4.7.4&Prime; _module_preset=\u00a0\u00bbdefault\u00a0\u00bb global_colors_info=\u00a0\u00bb{}\u00a0\u00bb][et_pb_fullwidth_header text_orientation=\u00a0\u00bbcenter\u00a0\u00bb background_overlay_color=\u00a0\u00bbrgba(0,0,0,0)\u00a0\u00bb subhead_font_color=\u00a0\u00bb#bebebe\u00a0\u00bb disabled_on=\u00a0\u00bbon|on|off\u00a0\u00bb _builder_version=\u00a0\u00bb4.14.8&Prime; title_font=\u00a0\u00bb||||||||\u00a0\u00bb title_text_color=\u00a0\u00bb#ffffff\u00a0\u00bb title_font_size=\u00a0\u00bb72px\u00a0\u00bb title_line_height=\u00a0\u00bb1.3em\u00a0\u00bb content_font=\u00a0\u00bb||||||||\u00a0\u00bb content_text_color=\u00a0\u00bb#ffffff\u00a0\u00bb content_font_size=\u00a0\u00bb19px\u00a0\u00bb content_line_height=\u00a0\u00bb1.8em\u00a0\u00bb subhead_font=\u00a0\u00bbMontserrat||||\u00a0\u00bb subhead_text_color=\u00a0\u00bb#bebebe\u00a0\u00bb subhead_line_height=\u00a0\u00bb1.8em\u00a0\u00bb background_enable_color=\u00a0\u00bboff\u00a0\u00bb use_background_color_gradient=\u00a0\u00bbon\u00a0\u00bb background_color_gradient_start=\u00a0\u00bb#a48a7b\u00a0\u00bb background_color_gradient_end=\u00a0\u00bbrgba(0,0,0,0)\u00a0\u00bb background_color_gradient_direction=\u00a0\u00bb360deg\u00a0\u00bb background_color_gradient_start_position=\u00a0\u00bb20%\u00a0\u00bb background_color_gradient_overlays_image=\u00a0\u00bbon\u00a0\u00bb background_image=\u00a0\u00bbhttps:\/\/www.1783dimoradepoca.com\/wp-content\/uploads\/2022\/02\/1783-dimora-d-epoca-borgo-locorotondo-terrazza-1.jpg\u00a0\u00bb background_position=\u00a0\u00bbtop_center\u00a0\u00bb custom_padding=\u00a0\u00bb5%||5%|\u00a0\u00bb hover_enabled=\u00a0\u00bb0&Prime; title_line_height_last_edited=\u00a0\u00bboff|desktop\u00a0\u00bb global_colors_info=\u00a0\u00bb{}\u00a0\u00bb button_one_text_size__hover_enabled=\u00a0\u00bboff\u00a0\u00bb button_two_text_size__hover_enabled=\u00a0\u00bboff\u00a0\u00bb button_one_text_color__hover_enabled=\u00a0\u00bboff\u00a0\u00bb button_two_text_color__hover_enabled=\u00a0\u00bboff\u00a0\u00bb button_one_border_width__hover_enabled=\u00a0\u00bboff\u00a0\u00bb button_two_border_width__hover_enabled=\u00a0\u00bboff\u00a0\u00bb button_one_border_color__hover_enabled=\u00a0\u00bboff\u00a0\u00bb button_two_border_color__hover_enabled=\u00a0\u00bboff\u00a0\u00bb button_one_border_radius__hover_enabled=\u00a0\u00bboff\u00a0\u00bb button_two_border_radius__hover_enabled=\u00a0\u00bboff\u00a0\u00bb button_one_letter_spacing__hover_enabled=\u00a0\u00bboff\u00a0\u00bb button_two_letter_spacing__hover_enabled=\u00a0\u00bboff\u00a0\u00bb button_one_bg_color__hover_enabled=\u00a0\u00bboff\u00a0\u00bb button_two_bg_color__hover_enabled=\u00a0\u00bboff\u00a0\u00bb sticky_enabled=\u00a0\u00bb0&Prime; title=\u00a0\u00bbLes Terrasses\u00a0\u00bb]<\/p>\n<p class=\"p1\"><span class=\"s1\">Pas moins de trois terrasses, chacune \u00e0 un niveau diff\u00e9rent, font la fiert\u00e9 de la Dimora. Elles vous garantissent le privil\u00e8ge d\u2019une vue imprenable sur la vall\u00e9e d&rsquo;Itria, les toits pentus caract\u00e9ristiques &#8211; dits \u00ab\u00a0cummerse\u00a0\u00bb &#8211; du centre historique et le d\u00f4me de l&rsquo;\u00c9glise M\u00e8re<\/span> <span class=\"s1\">qui se dresse juste en face de 1783.<\/span><\/p>\n<p class=\"p1\"><span class=\"s1\">Vous pourrez profiter d&rsquo;un moment de d\u00e9tente dans la fra\u00eecheur du matin ou d&rsquo;un bon verre de vin au coucher du soleil, tandis que votre regard se perdra du c\u0153ur de Locorotondo aux c\u00f4nes des Trulli qui ponctuent la vall\u00e9e, de Ceglie Messapica \u00e0 Martina Franca.<\/span><\/p>\n<p>[\/et_pb_fullwidth_header][\/et_pb_section][et_pb_section fb_built=\u00a0\u00bb1&Prime; fullwidth=\u00a0\u00bbon\u00a0\u00bb _builder_version=\u00a0\u00bb4.7.4&Prime; _module_preset=\u00a0\u00bbdefault\u00a0\u00bb global_colors_info=\u00a0\u00bb{}\u00a0\u00bb][et_pb_fullwidth_header text_orientation=\u00a0\u00bbcenter\u00a0\u00bb background_overlay_color=\u00a0\u00bbrgba(0,0,0,0)\u00a0\u00bb subhead_font_color=\u00a0\u00bb#bebebe\u00a0\u00bb disabled_on=\u00a0\u00bboff|off|on\u00a0\u00bb _builder_version=\u00a0\u00bb4.14.8&Prime; title_font=\u00a0\u00bb||||||||\u00a0\u00bb title_text_color=\u00a0\u00bb#ffffff\u00a0\u00bb title_font_size=\u00a0\u00bb72px\u00a0\u00bb title_line_height=\u00a0\u00bb1.3em\u00a0\u00bb content_font=\u00a0\u00bb||||||||\u00a0\u00bb content_text_color=\u00a0\u00bb#ffffff\u00a0\u00bb content_font_size=\u00a0\u00bb19px\u00a0\u00bb content_line_height=\u00a0\u00bb1.8em\u00a0\u00bb subhead_font=\u00a0\u00bbMontserrat||||\u00a0\u00bb subhead_text_color=\u00a0\u00bb#bebebe\u00a0\u00bb subhead_line_height=\u00a0\u00bb1.8em\u00a0\u00bb background_enable_color=\u00a0\u00bboff\u00a0\u00bb use_background_color_gradient=\u00a0\u00bbon\u00a0\u00bb background_color_gradient_start=\u00a0\u00bb#a48a7b\u00a0\u00bb background_color_gradient_end=\u00a0\u00bbrgba(0,0,0,0)\u00a0\u00bb background_color_gradient_direction=\u00a0\u00bb360deg\u00a0\u00bb background_color_gradient_start_position=\u00a0\u00bb20%\u00a0\u00bb background_color_gradient_overlays_image=\u00a0\u00bbon\u00a0\u00bb background_image=\u00a0\u00bbhttps:\/\/www.1783dimoradepoca.com\/wp-content\/uploads\/2022\/02\/1783-dimora-d-epoca-borgo-locorotondo-terrazza-1.jpg\u00a0\u00bb background_position=\u00a0\u00bbtop_center\u00a0\u00bb custom_padding=\u00a0\u00bb5%||5%|\u00a0\u00bb title_line_height_last_edited=\u00a0\u00bboff|desktop\u00a0\u00bb global_colors_info=\u00a0\u00bb{}\u00a0\u00bb button_one_text_size__hover_enabled=\u00a0\u00bboff\u00a0\u00bb button_two_text_size__hover_enabled=\u00a0\u00bboff\u00a0\u00bb button_one_text_color__hover_enabled=\u00a0\u00bboff\u00a0\u00bb button_two_text_color__hover_enabled=\u00a0\u00bboff\u00a0\u00bb button_one_border_width__hover_enabled=\u00a0\u00bboff\u00a0\u00bb button_two_border_width__hover_enabled=\u00a0\u00bboff\u00a0\u00bb button_one_border_color__hover_enabled=\u00a0\u00bboff\u00a0\u00bb button_two_border_color__hover_enabled=\u00a0\u00bboff\u00a0\u00bb button_one_border_radius__hover_enabled=\u00a0\u00bboff\u00a0\u00bb button_two_border_radius__hover_enabled=\u00a0\u00bboff\u00a0\u00bb button_one_letter_spacing__hover_enabled=\u00a0\u00bboff\u00a0\u00bb button_two_letter_spacing__hover_enabled=\u00a0\u00bboff\u00a0\u00bb button_one_bg_color__hover_enabled=\u00a0\u00bboff\u00a0\u00bb button_two_bg_color__hover_enabled=\u00a0\u00bboff\u00a0\u00bb]<\/p>\n<h2 class=\"p1\" style=\"text-align: center;\"><span class=\"s1\">Les terrasses<\/span><\/h2>\n<p class=\"p1\"><span class=\"s1\">Pas moins de trois terrasses, chacune \u00e0 un niveau diff\u00e9rent, font la fiert\u00e9 de la Dimora. Elles vous garantissent le privil\u00e8ge d\u2019une vue imprenable sur la vall\u00e9e d&rsquo;Itria, les toits pentus caract\u00e9ristiques &#8211; dits \u00ab\u00a0cummerse\u00a0\u00bb &#8211; du centre historique et le d\u00f4me de l&rsquo;\u00c9glise M\u00e8re<\/span> <span class=\"s1\">qui se dresse juste en face de 1783.<\/span><\/p>\n<p class=\"p1\"><span class=\"s1\">Vous pourrez profiter d&rsquo;un moment de d\u00e9tente dans la fra\u00eecheur du matin ou d&rsquo;un bon verre de vin au coucher du soleil, tandis que votre regard se perdra du c\u0153ur de Locorotondo aux c\u00f4nes des Trulli qui ponctuent la vall\u00e9e, de Ceglie Messapica \u00e0 Martina Franca.<\/span><\/p>\n<p>[\/et_pb_fullwidth_header][\/et_pb_section][et_pb_section fb_built=\u00a0\u00bb1&Prime; _builder_version=\u00a0\u00bb4.7.4&Prime; _module_preset=\u00a0\u00bbdefault\u00a0\u00bb global_colors_info=\u00a0\u00bb{}\u00a0\u00bb][et_pb_row _builder_version=\u00a0\u00bb4.7.4&Prime; _module_preset=\u00a0\u00bbdefault\u00a0\u00bb global_colors_info=\u00a0\u00bb{}\u00a0\u00bb][et_pb_column type=\u00a0\u00bb4_4&Prime; _builder_version=\u00a0\u00bb4.7.4&Prime; _module_preset=\u00a0\u00bbdefault\u00a0\u00bb global_colors_info=\u00a0\u00bb{}\u00a0\u00bb][et_pb_gallery gallery_ids=\u00a0\u00bb2433,2403,2406,2400,2427,2430&Prime; fullwidth=\u00a0\u00bbon\u00a0\u00bb _builder_version=\u00a0\u00bb4.7.4&Prime; _module_preset=\u00a0\u00bbdefault\u00a0\u00bb global_colors_info=\u00a0\u00bb{}\u00a0\u00bb][\/et_pb_gallery][\/et_pb_column][\/et_pb_row][\/et_pb_section]<\/p>\n","protected":false},"excerpt":{"rendered":"<p>Lorsque nous avons d\u00e9cid\u00e9 de fonder 1783, nous n\u2019imaginions pas que la Dimora avait \u00e9t\u00e9 construite sur un petit tr\u00e9sor&#8230; une vieille citerne souterraine. Enti\u00e8rement d\u00e9pouill\u00e9e du b\u00e9ton qui l\u2019habillait, la pierre d\u2019origine a \u00e9t\u00e9 ramen\u00e9e \u00e0 la lumi\u00e8re. R\u00e9sultat\u00a0: une grotte en pierre rouge\u00e2tre que nous avons imm\u00e9diatement r\u00eav\u00e9 d\u2019am\u00e9nager en un coin de [&hellip;]<\/p>\n","protected":false},"author":3,"featured_media":0,"parent":0,"menu_order":0,"comment_status":"closed","ping_status":"closed","template":"","meta":{"_et_pb_use_builder":"on","_et_pb_old_content":"","_et_gb_content_width":"","footnotes":""},"class_list":["post-2138","page","type-page","status-publish","hentry"],"yoast_head":"<!-- This site is optimized with the Yoast SEO plugin v27.3 - https:\/\/yoast.com\/product\/yoast-seo-wordpress\/ -->\n<title>La Grotte et les Terrasses - 1783 Dimora d&#039;Epoca<\/title>\n<meta name=\"robots\" content=\"index, follow, max-snippet:-1, max-image-preview:large, max-video-preview:-1\" \/>\n<link rel=\"canonical\" href=\"https:\/\/www.1783dimoradepoca.com\/fr\/la-grotte-et-les-terrasses\/\" \/>\n<meta property=\"og:locale\" content=\"fr_FR\" \/>\n<meta property=\"og:type\" content=\"article\" \/>\n<meta property=\"og:title\" content=\"La Grotte et les Terrasses - 1783 Dimora d&#039;Epoca\" \/>\n<meta property=\"og:description\" content=\"Lorsque nous avons d\u00e9cid\u00e9 de fonder 1783, nous n\u2019imaginions pas que la Dimora avait \u00e9t\u00e9 construite sur un petit tr\u00e9sor... une vieille citerne souterraine. Enti\u00e8rement d\u00e9pouill\u00e9e du b\u00e9ton qui l\u2019habillait, la pierre d\u2019origine a \u00e9t\u00e9 ramen\u00e9e \u00e0 la lumi\u00e8re. R\u00e9sultat\u00a0: une grotte en pierre rouge\u00e2tre que nous avons imm\u00e9diatement r\u00eav\u00e9 d\u2019am\u00e9nager en un coin de [&hellip;]\" \/>\n<meta property=\"og:url\" content=\"https:\/\/www.1783dimoradepoca.com\/fr\/la-grotte-et-les-terrasses\/\" \/>\n<meta property=\"og:site_name\" content=\"1783 Dimora d&#039;Epoca\" \/>\n<meta property=\"article:publisher\" content=\"https:\/\/www.facebook.com\/1783-Dimora-depoca-111340963747597\/\" \/>\n<meta property=\"article:modified_time\" content=\"2022-07-07T18:04:18+00:00\" \/>\n<meta name=\"twitter:card\" content=\"summary_large_image\" \/>\n<meta name=\"twitter:label1\" content=\"Dur\u00e9e de lecture estim\u00e9e\" \/>\n\t<meta name=\"twitter:data1\" content=\"8 minutes\" \/>\n<script type=\"application\/ld+json\" class=\"yoast-schema-graph\">{\"@context\":\"https:\\\/\\\/schema.org\",\"@graph\":[{\"@type\":\"WebPage\",\"@id\":\"https:\\\/\\\/www.1783dimoradepoca.com\\\/fr\\\/la-grotte-et-les-terrasses\\\/\",\"url\":\"https:\\\/\\\/www.1783dimoradepoca.com\\\/fr\\\/la-grotte-et-les-terrasses\\\/\",\"name\":\"La Grotte et les Terrasses - 1783 Dimora d&#039;Epoca\",\"isPartOf\":{\"@id\":\"https:\\\/\\\/www.1783dimoradepoca.com\\\/fr\\\/#website\"},\"datePublished\":\"2021-11-23T11:03:02+00:00\",\"dateModified\":\"2022-07-07T18:04:18+00:00\",\"breadcrumb\":{\"@id\":\"https:\\\/\\\/www.1783dimoradepoca.com\\\/fr\\\/la-grotte-et-les-terrasses\\\/#breadcrumb\"},\"inLanguage\":\"fr-FR\",\"potentialAction\":[{\"@type\":\"ReadAction\",\"target\":[\"https:\\\/\\\/www.1783dimoradepoca.com\\\/fr\\\/la-grotte-et-les-terrasses\\\/\"]}]},{\"@type\":\"BreadcrumbList\",\"@id\":\"https:\\\/\\\/www.1783dimoradepoca.com\\\/fr\\\/la-grotte-et-les-terrasses\\\/#breadcrumb\",\"itemListElement\":[{\"@type\":\"ListItem\",\"position\":1,\"name\":\"Home\",\"item\":\"https:\\\/\\\/www.1783dimoradepoca.com\\\/fr\\\/\"},{\"@type\":\"ListItem\",\"position\":2,\"name\":\"La Grotte et les Terrasses\"}]},{\"@type\":\"WebSite\",\"@id\":\"https:\\\/\\\/www.1783dimoradepoca.com\\\/fr\\\/#website\",\"url\":\"https:\\\/\\\/www.1783dimoradepoca.com\\\/fr\\\/\",\"name\":\"1783 Dimora d'Epoca\",\"description\":\"B&amp;B Locorotondo\",\"publisher\":{\"@id\":\"https:\\\/\\\/www.1783dimoradepoca.com\\\/fr\\\/#organization\"},\"potentialAction\":[{\"@type\":\"SearchAction\",\"target\":{\"@type\":\"EntryPoint\",\"urlTemplate\":\"https:\\\/\\\/www.1783dimoradepoca.com\\\/fr\\\/?s={search_term_string}\"},\"query-input\":{\"@type\":\"PropertyValueSpecification\",\"valueRequired\":true,\"valueName\":\"search_term_string\"}}],\"inLanguage\":\"fr-FR\"},{\"@type\":\"Organization\",\"@id\":\"https:\\\/\\\/www.1783dimoradepoca.com\\\/fr\\\/#organization\",\"name\":\"1783 - Dimora d'Epoca\",\"url\":\"https:\\\/\\\/www.1783dimoradepoca.com\\\/fr\\\/\",\"logo\":{\"@type\":\"ImageObject\",\"inLanguage\":\"fr-FR\",\"@id\":\"https:\\\/\\\/www.1783dimoradepoca.com\\\/fr\\\/#\\\/schema\\\/logo\\\/image\\\/\",\"url\":\"https:\\\/\\\/www.1783dimoradepoca.com\\\/wp-content\\\/uploads\\\/2021\\\/02\\\/dimora-depoca-nuovo-LOGO-istituzionale-colore.png\",\"contentUrl\":\"https:\\\/\\\/www.1783dimoradepoca.com\\\/wp-content\\\/uploads\\\/2021\\\/02\\\/dimora-depoca-nuovo-LOGO-istituzionale-colore.png\",\"width\":1916,\"height\":1152,\"caption\":\"1783 - Dimora d'Epoca\"},\"image\":{\"@id\":\"https:\\\/\\\/www.1783dimoradepoca.com\\\/fr\\\/#\\\/schema\\\/logo\\\/image\\\/\"},\"sameAs\":[\"https:\\\/\\\/www.facebook.com\\\/1783-Dimora-depoca-111340963747597\\\/\",\"https:\\\/\\\/www.instagram.com\\\/1783_dimora_depoca\\\/\"]}]}<\/script>\n<!-- \/ Yoast SEO plugin. -->","yoast_head_json":{"title":"La Grotte et les Terrasses - 1783 Dimora d&#039;Epoca","robots":{"index":"index","follow":"follow","max-snippet":"max-snippet:-1","max-image-preview":"max-image-preview:large","max-video-preview":"max-video-preview:-1"},"canonical":"https:\/\/www.1783dimoradepoca.com\/fr\/la-grotte-et-les-terrasses\/","og_locale":"fr_FR","og_type":"article","og_title":"La Grotte et les Terrasses - 1783 Dimora d&#039;Epoca","og_description":"Lorsque nous avons d\u00e9cid\u00e9 de fonder 1783, nous n\u2019imaginions pas que la Dimora avait \u00e9t\u00e9 construite sur un petit tr\u00e9sor... une vieille citerne souterraine. Enti\u00e8rement d\u00e9pouill\u00e9e du b\u00e9ton qui l\u2019habillait, la pierre d\u2019origine a \u00e9t\u00e9 ramen\u00e9e \u00e0 la lumi\u00e8re. R\u00e9sultat\u00a0: une grotte en pierre rouge\u00e2tre que nous avons imm\u00e9diatement r\u00eav\u00e9 d\u2019am\u00e9nager en un coin de [&hellip;]","og_url":"https:\/\/www.1783dimoradepoca.com\/fr\/la-grotte-et-les-terrasses\/","og_site_name":"1783 Dimora d&#039;Epoca","article_publisher":"https:\/\/www.facebook.com\/1783-Dimora-depoca-111340963747597\/","article_modified_time":"2022-07-07T18:04:18+00:00","twitter_card":"summary_large_image","twitter_misc":{"Dur\u00e9e de lecture estim\u00e9e":"8 minutes"},"schema":{"@context":"https:\/\/schema.org","@graph":[{"@type":"WebPage","@id":"https:\/\/www.1783dimoradepoca.com\/fr\/la-grotte-et-les-terrasses\/","url":"https:\/\/www.1783dimoradepoca.com\/fr\/la-grotte-et-les-terrasses\/","name":"La Grotte et les Terrasses - 1783 Dimora d&#039;Epoca","isPartOf":{"@id":"https:\/\/www.1783dimoradepoca.com\/fr\/#website"},"datePublished":"2021-11-23T11:03:02+00:00","dateModified":"2022-07-07T18:04:18+00:00","breadcrumb":{"@id":"https:\/\/www.1783dimoradepoca.com\/fr\/la-grotte-et-les-terrasses\/#breadcrumb"},"inLanguage":"fr-FR","potentialAction":[{"@type":"ReadAction","target":["https:\/\/www.1783dimoradepoca.com\/fr\/la-grotte-et-les-terrasses\/"]}]},{"@type":"BreadcrumbList","@id":"https:\/\/www.1783dimoradepoca.com\/fr\/la-grotte-et-les-terrasses\/#breadcrumb","itemListElement":[{"@type":"ListItem","position":1,"name":"Home","item":"https:\/\/www.1783dimoradepoca.com\/fr\/"},{"@type":"ListItem","position":2,"name":"La Grotte et les Terrasses"}]},{"@type":"WebSite","@id":"https:\/\/www.1783dimoradepoca.com\/fr\/#website","url":"https:\/\/www.1783dimoradepoca.com\/fr\/","name":"1783 Dimora d'Epoca","description":"B&amp;B Locorotondo","publisher":{"@id":"https:\/\/www.1783dimoradepoca.com\/fr\/#organization"},"potentialAction":[{"@type":"SearchAction","target":{"@type":"EntryPoint","urlTemplate":"https:\/\/www.1783dimoradepoca.com\/fr\/?s={search_term_string}"},"query-input":{"@type":"PropertyValueSpecification","valueRequired":true,"valueName":"search_term_string"}}],"inLanguage":"fr-FR"},{"@type":"Organization","@id":"https:\/\/www.1783dimoradepoca.com\/fr\/#organization","name":"1783 - Dimora d'Epoca","url":"https:\/\/www.1783dimoradepoca.com\/fr\/","logo":{"@type":"ImageObject","inLanguage":"fr-FR","@id":"https:\/\/www.1783dimoradepoca.com\/fr\/#\/schema\/logo\/image\/","url":"https:\/\/www.1783dimoradepoca.com\/wp-content\/uploads\/2021\/02\/dimora-depoca-nuovo-LOGO-istituzionale-colore.png","contentUrl":"https:\/\/www.1783dimoradepoca.com\/wp-content\/uploads\/2021\/02\/dimora-depoca-nuovo-LOGO-istituzionale-colore.png","width":1916,"height":1152,"caption":"1783 - Dimora d'Epoca"},"image":{"@id":"https:\/\/www.1783dimoradepoca.com\/fr\/#\/schema\/logo\/image\/"},"sameAs":["https:\/\/www.facebook.com\/1783-Dimora-depoca-111340963747597\/","https:\/\/www.instagram.com\/1783_dimora_depoca\/"]}]}},"_links":{"self":[{"href":"https:\/\/www.1783dimoradepoca.com\/fr\/wp-json\/wp\/v2\/pages\/2138","targetHints":{"allow":["GET"]}}],"collection":[{"href":"https:\/\/www.1783dimoradepoca.com\/fr\/wp-json\/wp\/v2\/pages"}],"about":[{"href":"https:\/\/www.1783dimoradepoca.com\/fr\/wp-json\/wp\/v2\/types\/page"}],"author":[{"embeddable":true,"href":"https:\/\/www.1783dimoradepoca.com\/fr\/wp-json\/wp\/v2\/users\/3"}],"replies":[{"embeddable":true,"href":"https:\/\/www.1783dimoradepoca.com\/fr\/wp-json\/wp\/v2\/comments?post=2138"}],"version-history":[{"count":0,"href":"https:\/\/www.1783dimoradepoca.com\/fr\/wp-json\/wp\/v2\/pages\/2138\/revisions"}],"wp:attachment":[{"href":"https:\/\/www.1783dimoradepoca.com\/fr\/wp-json\/wp\/v2\/media?parent=2138"}],"curies":[{"name":"wp","href":"https:\/\/api.w.org\/{rel}","templated":true}]}}