{"id":3026,"date":"2022-11-22T15:12:41","date_gmt":"2022-11-22T14:12:41","guid":{"rendered":"https:\/\/www.1783dimoradepoca.com\/experiences-gastronomiques-et-oenologiques\/"},"modified":"2022-11-22T15:12:43","modified_gmt":"2022-11-22T14:12:43","slug":"experiences-gastronomiques-et-oenologiques","status":"publish","type":"page","link":"https:\/\/www.1783dimoradepoca.com\/fr\/experiences-gastronomiques-et-oenologiques\/","title":{"rendered":"Exp\u00e9riences gastronomiques et \u0153nologiques"},"content":{"rendered":"<p>[et_pb_section fb_built=\u00a0\u00bb1&Prime; fullwidth=\u00a0\u00bbon\u00a0\u00bb _builder_version=\u00a0\u00bb4.7.4&Prime; _module_preset=\u00a0\u00bbdefault\u00a0\u00bb global_colors_info=\u00a0\u00bb{}\u00a0\u00bb][et_pb_fullwidth_header title=\u00a0\u00bbExp\u00e9riences gastronomiques et \u0153nologiques\u00a0\u00bb text_orientation=\u00a0\u00bbcenter\u00a0\u00bb background_overlay_color=\u00a0\u00bbrgba(0,0,0,0)\u00a0\u00bb subhead_font_color=\u00a0\u00bb#bebebe\u00a0\u00bb disabled_on=\u00a0\u00bbon|on|off\u00a0\u00bb _builder_version=\u00a0\u00bb4.14.8&Prime; title_font=\u00a0\u00bb||||||||\u00a0\u00bb title_text_color=\u00a0\u00bb#ffffff\u00a0\u00bb title_font_size=\u00a0\u00bb72px\u00a0\u00bb title_line_height=\u00a0\u00bb1.3em\u00a0\u00bb content_font=\u00a0\u00bb||||||||\u00a0\u00bb content_text_color=\u00a0\u00bb#ffffff\u00a0\u00bb content_font_size=\u00a0\u00bb19px\u00a0\u00bb content_line_height=\u00a0\u00bb1.8em\u00a0\u00bb subhead_font=\u00a0\u00bbMontserrat||||\u00a0\u00bb subhead_text_color=\u00a0\u00bb#bebebe\u00a0\u00bb subhead_line_height=\u00a0\u00bb1.8em\u00a0\u00bb background_enable_color=\u00a0\u00bboff\u00a0\u00bb use_background_color_gradient=\u00a0\u00bbon\u00a0\u00bb background_color_gradient_start=\u00a0\u00bb#a48a7b\u00a0\u00bb background_color_gradient_end=\u00a0\u00bbrgba(0,0,0,0)\u00a0\u00bb background_color_gradient_direction=\u00a0\u00bb360deg\u00a0\u00bb background_color_gradient_start_position=\u00a0\u00bb20%\u00a0\u00bb background_color_gradient_overlays_image=\u00a0\u00bbon\u00a0\u00bb background_image=\u00a0\u00bbhttps:\/\/www.1783dimoradepoca.com\/wp-content\/uploads\/2022\/07\/1783-dimora-d-epoca-esperienze-enogastronomiche-focaccia-pugliese.jpg\u00a0\u00bb background_position=\u00a0\u00bbtop_center\u00a0\u00bb custom_padding=\u00a0\u00bb5%||5%|\u00a0\u00bb hover_enabled=\u00a0\u00bb0&Prime; title_line_height_last_edited=\u00a0\u00bboff|desktop\u00a0\u00bb global_colors_info=\u00a0\u00bb{}\u00a0\u00bb button_one_text_size__hover_enabled=\u00a0\u00bboff\u00a0\u00bb button_two_text_size__hover_enabled=\u00a0\u00bboff\u00a0\u00bb button_one_text_color__hover_enabled=\u00a0\u00bboff\u00a0\u00bb button_two_text_color__hover_enabled=\u00a0\u00bboff\u00a0\u00bb button_one_border_width__hover_enabled=\u00a0\u00bboff\u00a0\u00bb button_two_border_width__hover_enabled=\u00a0\u00bboff\u00a0\u00bb button_one_border_color__hover_enabled=\u00a0\u00bboff\u00a0\u00bb button_two_border_color__hover_enabled=\u00a0\u00bboff\u00a0\u00bb button_one_border_radius__hover_enabled=\u00a0\u00bboff\u00a0\u00bb button_two_border_radius__hover_enabled=\u00a0\u00bboff\u00a0\u00bb button_one_letter_spacing__hover_enabled=\u00a0\u00bboff\u00a0\u00bb button_two_letter_spacing__hover_enabled=\u00a0\u00bboff\u00a0\u00bb button_one_bg_color__hover_enabled=\u00a0\u00bboff\u00a0\u00bb button_two_bg_color__hover_enabled=\u00a0\u00bboff\u00a0\u00bb title_text=\u00a0\u00bb1783-dimora-d-epoca-esperienze-enogastronomiche-focaccia-pugliese\u00a0\u00bb sticky_enabled=\u00a0\u00bb0&Prime;]<\/p>\n<div class=\"page\" title=\"Page 5\">\n<div class=\"section\">\n<div class=\"layoutArea\">\n<div class=\"column\">\n<p class=\"p1\"><strong>Un voyage \u00e0 travers les traditions gastronomiques et \u0153nologiques de notre terre.<\/strong><\/p>\n<p class=\"p2\">Des visites guid\u00e9es et des cours de cuisine.<\/p>\n<div class=\"page\" title=\"Page 5\">\n<div class=\"section\">\n<div class=\"layoutArea\">\n<div class=\"column\">\u00a0<\/div>\n<\/div>\n<\/div>\n<\/div>\n<\/div>\n<\/div>\n<\/div>\n<\/div>\n<p>[\/et_pb_fullwidth_header][et_pb_fullwidth_header text_orientation=\u00a0\u00bbcenter\u00a0\u00bb background_overlay_color=\u00a0\u00bbrgba(0,0,0,0)\u00a0\u00bb subhead_font_color=\u00a0\u00bb#bebebe\u00a0\u00bb disabled_on=\u00a0\u00bboff|off|on\u00a0\u00bb _builder_version=\u00a0\u00bb4.14.8&Prime; title_font=\u00a0\u00bb||||||||\u00a0\u00bb title_text_color=\u00a0\u00bb#ffffff\u00a0\u00bb title_font_size=\u00a0\u00bb72px\u00a0\u00bb title_line_height=\u00a0\u00bb1.3em\u00a0\u00bb content_font=\u00a0\u00bb||||||||\u00a0\u00bb content_text_color=\u00a0\u00bb#ffffff\u00a0\u00bb content_font_size=\u00a0\u00bb19px\u00a0\u00bb content_line_height=\u00a0\u00bb1.8em\u00a0\u00bb subhead_font=\u00a0\u00bbMontserrat||||\u00a0\u00bb subhead_text_color=\u00a0\u00bb#bebebe\u00a0\u00bb subhead_line_height=\u00a0\u00bb1.8em\u00a0\u00bb background_enable_color=\u00a0\u00bboff\u00a0\u00bb use_background_color_gradient=\u00a0\u00bbon\u00a0\u00bb background_color_gradient_start=\u00a0\u00bb#a48a7b\u00a0\u00bb background_color_gradient_end=\u00a0\u00bbrgba(0,0,0,0)\u00a0\u00bb background_color_gradient_direction=\u00a0\u00bb360deg\u00a0\u00bb background_color_gradient_start_position=\u00a0\u00bb20%\u00a0\u00bb background_color_gradient_overlays_image=\u00a0\u00bbon\u00a0\u00bb background_image=\u00a0\u00bbhttps:\/\/www.1783dimoradepoca.com\/wp-content\/uploads\/2022\/07\/1783-dimora-d-epoca-esperienze-enogastronomiche-focaccia-pugliese.jpg\u00a0\u00bb background_position=\u00a0\u00bbtop_center\u00a0\u00bb custom_padding=\u00a0\u00bb5%||5%|\u00a0\u00bb hover_enabled=\u00a0\u00bb0&Prime; title_line_height_last_edited=\u00a0\u00bboff|desktop\u00a0\u00bb global_colors_info=\u00a0\u00bb{}\u00a0\u00bb button_one_text_size__hover_enabled=\u00a0\u00bboff\u00a0\u00bb button_two_text_size__hover_enabled=\u00a0\u00bboff\u00a0\u00bb button_one_text_color__hover_enabled=\u00a0\u00bboff\u00a0\u00bb button_two_text_color__hover_enabled=\u00a0\u00bboff\u00a0\u00bb button_one_border_width__hover_enabled=\u00a0\u00bboff\u00a0\u00bb button_two_border_width__hover_enabled=\u00a0\u00bboff\u00a0\u00bb button_one_border_color__hover_enabled=\u00a0\u00bboff\u00a0\u00bb button_two_border_color__hover_enabled=\u00a0\u00bboff\u00a0\u00bb button_one_border_radius__hover_enabled=\u00a0\u00bboff\u00a0\u00bb button_two_border_radius__hover_enabled=\u00a0\u00bboff\u00a0\u00bb button_one_letter_spacing__hover_enabled=\u00a0\u00bboff\u00a0\u00bb button_two_letter_spacing__hover_enabled=\u00a0\u00bboff\u00a0\u00bb button_one_bg_color__hover_enabled=\u00a0\u00bboff\u00a0\u00bb button_two_bg_color__hover_enabled=\u00a0\u00bboff\u00a0\u00bb title_text=\u00a0\u00bb1783-dimora-d-epoca-esperienze-enogastronomiche-focaccia-pugliese\u00a0\u00bb sticky_enabled=\u00a0\u00bb0&Prime;]<\/p>\n<div class=\"page\" title=\"Page 5\">\n<div class=\"section\">\n<div class=\"layoutArea\">\n<div class=\"column\">\n<h2 class=\"p1\"><strong>Exp\u00e9riences gastronomiques et \u0153nologiques<\/strong><\/h2>\n<p class=\"p1\"><strong>Un voyage \u00e0 travers les traditions gastronomiques et \u0153nologiques de notre terre.<\/strong><\/p>\n<p class=\"p2\">Des visites guid\u00e9es et des cours de cuisine.<\/p>\n<div class=\"page\" title=\"Page 5\">\n<div class=\"section\">\n<div class=\"layoutArea\">\n<div class=\"column\">\u00a0<\/div>\n<\/div>\n<\/div>\n<\/div>\n<\/div>\n<\/div>\n<\/div>\n<\/div>\n<p>[\/et_pb_fullwidth_header][\/et_pb_section][et_pb_section fb_built=\u00a0\u00bb1&Prime; _builder_version=\u00a0\u00bb4.7.4&Prime; _module_preset=\u00a0\u00bbdefault\u00a0\u00bb custom_padding=\u00a0\u00bb||24px|||\u00a0\u00bb global_colors_info=\u00a0\u00bb{}\u00a0\u00bb][et_pb_row column_structure=\u00a0\u00bb1_2,1_2&Prime; _builder_version=\u00a0\u00bb4.7.4&Prime; _module_preset=\u00a0\u00bbdefault\u00a0\u00bb global_colors_info=\u00a0\u00bb{}\u00a0\u00bb][et_pb_column type=\u00a0\u00bb1_2&Prime; _builder_version=\u00a0\u00bb4.7.4&Prime; _module_preset=\u00a0\u00bbdefault\u00a0\u00bb global_colors_info=\u00a0\u00bb{}\u00a0\u00bb][et_pb_text _builder_version=\u00a0\u00bb4.14.8&Prime; _module_preset=\u00a0\u00bbdefault\u00a0\u00bb global_colors_info=\u00a0\u00bb{}\u00a0\u00bb]<\/p>\n<h1 class=\"p1\">Des visites pour d\u00e9couvrir les vins, les huiles et les produites typiques.<\/h1>\n<p>[\/et_pb_text][et_pb_text _builder_version=\u00a0\u00bb4.14.8&Prime; _module_preset=\u00a0\u00bbdefault\u00a0\u00bb global_colors_info=\u00a0\u00bb{}\u00a0\u00bb]<\/p>\n<ul class=\"ul1\">\n<li class=\"li1\">Visites guid\u00e9es dans les vignobles avec d\u00e9gustations<\/li>\n<li class=\"li1\">Visite d&rsquo;un oliveraie et d&rsquo;un moulin \u00e0 huile<\/li>\n<li class=\"li2\">Visite d&rsquo;un atelier pour les productions de mozzarelles et autres produits laitiers<\/li>\n<\/ul>\n<p>[\/et_pb_text][\/et_pb_column][et_pb_column type=\u00a0\u00bb1_2&Prime; _builder_version=\u00a0\u00bb4.7.4&Prime; _module_preset=\u00a0\u00bbdefault\u00a0\u00bb global_colors_info=\u00a0\u00bb{}\u00a0\u00bb][et_pb_image src=\u00a0\u00bbhttps:\/\/www.1783dimoradepoca.com\/wp-content\/uploads\/2022\/07\/1783-dimora-d-epoca-esperienze-enogastronomiche-olio.jpg\u00a0\u00bb title_text=\u00a0\u00bb1783-dimora-d-epoca-esperienze-enogastronomiche-olio\u00a0\u00bb _builder_version=\u00a0\u00bb4.14.8&Prime; _module_preset=\u00a0\u00bbdefault\u00a0\u00bb hover_enabled=\u00a0\u00bb0&Prime; global_colors_info=\u00a0\u00bb{}\u00a0\u00bb sticky_enabled=\u00a0\u00bb0&Prime;][\/et_pb_image][\/et_pb_column][\/et_pb_row][et_pb_row _builder_version=\u00a0\u00bb4.14.8&Prime; _module_preset=\u00a0\u00bbdefault\u00a0\u00bb global_colors_info=\u00a0\u00bb{}\u00a0\u00bb][et_pb_column type=\u00a0\u00bb4_4&Prime; _builder_version=\u00a0\u00bb4.14.8&Prime; _module_preset=\u00a0\u00bbdefault\u00a0\u00bb global_colors_info=\u00a0\u00bb{}\u00a0\u00bb][et_pb_divider _builder_version=\u00a0\u00bb4.14.8&Prime; _module_preset=\u00a0\u00bbdefault\u00a0\u00bb global_colors_info=\u00a0\u00bb{}\u00a0\u00bb][\/et_pb_divider][et_pb_text _builder_version=\u00a0\u00bb4.14.8&Prime; _module_preset=\u00a0\u00bbdefault\u00a0\u00bb global_colors_info=\u00a0\u00bb{}\u00a0\u00bb]<\/p>\n<h1 class=\"p1\">Cours de cuisine : les recettes dans la tradition du territoire<\/h1>\n<p>[\/et_pb_text][\/et_pb_column][\/et_pb_row][et_pb_row column_structure=\u00a0\u00bb1_2,1_2&Prime; _builder_version=\u00a0\u00bb4.7.4&Prime; _module_preset=\u00a0\u00bbdefault\u00a0\u00bb global_colors_info=\u00a0\u00bb{}\u00a0\u00bb][et_pb_column type=\u00a0\u00bb1_2&Prime; _builder_version=\u00a0\u00bb4.7.4&Prime; _module_preset=\u00a0\u00bbdefault\u00a0\u00bb global_colors_info=\u00a0\u00bb{}\u00a0\u00bb][et_pb_image src=\u00a0\u00bbhttps:\/\/www.1783dimoradepoca.com\/wp-content\/uploads\/2022\/07\/1783-dimora-d-epoca-esperienze-enogastronomiche-focaccia.jpg\u00a0\u00bb title_text=\u00a0\u00bb1783-dimora-d-epoca-esperienze-enogastronomiche-focaccia\u00a0\u00bb _builder_version=\u00a0\u00bb4.14.8&Prime; _module_preset=\u00a0\u00bbdefault\u00a0\u00bb hover_enabled=\u00a0\u00bb0&Prime; global_colors_info=\u00a0\u00bb{}\u00a0\u00bb sticky_enabled=\u00a0\u00bb0&Prime;][\/et_pb_image][et_pb_text _builder_version=\u00a0\u00bb4.14.8&Prime; _module_preset=\u00a0\u00bbdefault\u00a0\u00bb global_colors_info=\u00a0\u00bb{}\u00a0\u00bb]<\/p>\n<p class=\"p1\"><strong>Produits typiques et p\u00e2tes fra\u00eeches avec leurs sauces:<\/strong><\/p>\n<p class=\"p1\">Ces exp\u00e9riences auront lieu dans la magnifique campagne en proximit\u00e9 de notre Demeure, o\u00f9, guid\u00e9s par une cuisini\u00e8re vous pourrez pr\u00e9parer cuire et d\u00e9guster :<\/p>\n<ul class=\"ul1\">\n<li class=\"li1\">Orecchiette et d&rsquo;autres types de p\u00e2tes fra\u00eeches<\/li>\n<li class=\"li1\">Focacces (fougasses)<\/li>\n<li class=\"li1\">Assaisonnements et sauces<\/li>\n<\/ul>\n<p>[\/et_pb_text][et_pb_divider _builder_version=\u00a0\u00bb4.14.8&Prime; _module_preset=\u00a0\u00bbdefault\u00a0\u00bb global_colors_info=\u00a0\u00bb{}\u00a0\u00bb][\/et_pb_divider][\/et_pb_column][et_pb_column type=\u00a0\u00bb1_2&Prime; _builder_version=\u00a0\u00bb4.7.4&Prime; _module_preset=\u00a0\u00bbdefault\u00a0\u00bb global_colors_info=\u00a0\u00bb{}\u00a0\u00bb][et_pb_image src=\u00a0\u00bbhttps:\/\/www.1783dimoradepoca.com\/wp-content\/uploads\/2022\/07\/1783-dimora-d-epoca-esperienze-enogastronomiche-orecchiette.jpg\u00a0\u00bb title_text=\u00a0\u00bb1783-dimora-d-epoca-esperienze-enogastronomiche-orecchiette\u00a0\u00bb _builder_version=\u00a0\u00bb4.14.8&Prime; _module_preset=\u00a0\u00bbdefault\u00a0\u00bb custom_margin=\u00a0\u00bb-1px|||||\u00a0\u00bb hover_enabled=\u00a0\u00bb0&Prime; global_colors_info=\u00a0\u00bb{}\u00a0\u00bb sticky_enabled=\u00a0\u00bb0&Prime;][\/et_pb_image][et_pb_text _builder_version=\u00a0\u00bb4.14.8&Prime; _module_preset=\u00a0\u00bbdefault\u00a0\u00bb global_colors_info=\u00a0\u00bb{}\u00a0\u00bb]<\/p>\n<p class=\"p1\"><strong>D&rsquo;autres recettes de la tradition<\/strong><\/p>\n<p class=\"p1\">Ces exp\u00e9riences auront lieu dans la cuisine de notre Demeure.<\/p>\n<p class=\"p1\"><strong>Premiers plates ou presque<\/strong><\/p>\n<ul class=\"ul1\">\n<li class=\"li1\">Boulettes de pain<\/li>\n<li class=\"li1\">Orecchiette e cavatelli<\/li>\n<li class=\"li1\">P\u00e2tes fourr\u00e9es<\/li>\n<li class=\"li1\">Pizzas et fougasses rustiques (calzone aux oignons, fougasses aux l\u00e9gumes&#8230;)<\/li>\n<li class=\"li1\">Panzerotti<\/li>\n<\/ul>\n<p class=\"p1\"><strong>Et enfin les desserts des Pouilles<\/strong><\/p>\n<ul>\n<li class=\"p1\"><i>Le dita degli apostoli<\/i><span class=\"Apple-converted-space\">\u00a0<\/span><\/li>\n<li class=\"p1\">Desserts de No\u00ebl (<i>cartellate<\/i>, g\u00e2teaux aux amandes)<\/li>\n<li class=\"p1\"><i>Zeppole<\/i> de Saint Joseph<span class=\"Apple-converted-space\">\u00a0<\/span><\/li>\n<li class=\"p1\">Et d&rsquo;autres desserts li\u00e9s aux f\u00eates religieuses de la ann\u00e9e<\/li>\n<\/ul>\n<p>[\/et_pb_text][et_pb_divider _builder_version=\u00a0\u00bb4.14.8&Prime; _module_preset=\u00a0\u00bbdefault\u00a0\u00bb global_colors_info=\u00a0\u00bb{}\u00a0\u00bb][\/et_pb_divider][\/et_pb_column][\/et_pb_row][\/et_pb_section]<\/p>\n","protected":false},"excerpt":{"rendered":"<p>Un voyage \u00e0 travers les traditions gastronomiques et \u0153nologiques de notre terre. Des visites guid\u00e9es et des cours de cuisine. \u00a0 Exp\u00e9riences gastronomiques et \u0153nologiques Un voyage \u00e0 travers les traditions gastronomiques et \u0153nologiques de notre terre. Des visites guid\u00e9es et des cours de cuisine. \u00a0 Des visites pour d\u00e9couvrir les vins, les huiles et [&hellip;]<\/p>\n","protected":false},"author":3,"featured_media":0,"parent":0,"menu_order":0,"comment_status":"closed","ping_status":"closed","template":"","meta":{"_et_pb_use_builder":"on","_et_pb_old_content":"","_et_gb_content_width":"","footnotes":""},"class_list":["post-3026","page","type-page","status-publish","hentry"],"yoast_head":"<!-- This site is optimized with the Yoast SEO plugin v27.3 - https:\/\/yoast.com\/product\/yoast-seo-wordpress\/ -->\n<title>Exp\u00e9riences gastronomiques et \u0153nologiques - 1783 Dimora d&#039;Epoca<\/title>\n<meta name=\"robots\" content=\"index, follow, max-snippet:-1, max-image-preview:large, max-video-preview:-1\" \/>\n<link rel=\"canonical\" href=\"https:\/\/www.1783dimoradepoca.com\/fr\/experiences-gastronomiques-et-oenologiques\/\" \/>\n<meta property=\"og:locale\" content=\"fr_FR\" \/>\n<meta property=\"og:type\" content=\"article\" \/>\n<meta property=\"og:title\" content=\"Exp\u00e9riences gastronomiques et \u0153nologiques - 1783 Dimora d&#039;Epoca\" \/>\n<meta property=\"og:description\" content=\"Un voyage \u00e0 travers les traditions gastronomiques et \u0153nologiques de notre terre. Des visites guid\u00e9es et des cours de cuisine. \u00a0 Exp\u00e9riences gastronomiques et \u0153nologiques Un voyage \u00e0 travers les traditions gastronomiques et \u0153nologiques de notre terre. Des visites guid\u00e9es et des cours de cuisine. \u00a0 Des visites pour d\u00e9couvrir les vins, les huiles et [&hellip;]\" \/>\n<meta property=\"og:url\" content=\"https:\/\/www.1783dimoradepoca.com\/fr\/experiences-gastronomiques-et-oenologiques\/\" \/>\n<meta property=\"og:site_name\" content=\"1783 Dimora d&#039;Epoca\" \/>\n<meta property=\"article:publisher\" content=\"https:\/\/www.facebook.com\/1783-Dimora-depoca-111340963747597\/\" \/>\n<meta property=\"article:modified_time\" content=\"2022-11-22T14:12:43+00:00\" \/>\n<meta name=\"twitter:card\" content=\"summary_large_image\" \/>\n<meta name=\"twitter:label1\" content=\"Dur\u00e9e de lecture estim\u00e9e\" \/>\n\t<meta name=\"twitter:data1\" content=\"5 minutes\" \/>\n<script type=\"application\/ld+json\" class=\"yoast-schema-graph\">{\"@context\":\"https:\\\/\\\/schema.org\",\"@graph\":[{\"@type\":\"WebPage\",\"@id\":\"https:\\\/\\\/www.1783dimoradepoca.com\\\/fr\\\/experiences-gastronomiques-et-oenologiques\\\/\",\"url\":\"https:\\\/\\\/www.1783dimoradepoca.com\\\/fr\\\/experiences-gastronomiques-et-oenologiques\\\/\",\"name\":\"Exp\u00e9riences gastronomiques et \u0153nologiques - 1783 Dimora d&#039;Epoca\",\"isPartOf\":{\"@id\":\"https:\\\/\\\/www.1783dimoradepoca.com\\\/fr\\\/#website\"},\"datePublished\":\"2022-11-22T14:12:41+00:00\",\"dateModified\":\"2022-11-22T14:12:43+00:00\",\"breadcrumb\":{\"@id\":\"https:\\\/\\\/www.1783dimoradepoca.com\\\/fr\\\/experiences-gastronomiques-et-oenologiques\\\/#breadcrumb\"},\"inLanguage\":\"fr-FR\",\"potentialAction\":[{\"@type\":\"ReadAction\",\"target\":[\"https:\\\/\\\/www.1783dimoradepoca.com\\\/fr\\\/experiences-gastronomiques-et-oenologiques\\\/\"]}]},{\"@type\":\"BreadcrumbList\",\"@id\":\"https:\\\/\\\/www.1783dimoradepoca.com\\\/fr\\\/experiences-gastronomiques-et-oenologiques\\\/#breadcrumb\",\"itemListElement\":[{\"@type\":\"ListItem\",\"position\":1,\"name\":\"Home\",\"item\":\"https:\\\/\\\/www.1783dimoradepoca.com\\\/fr\\\/\"},{\"@type\":\"ListItem\",\"position\":2,\"name\":\"Exp\u00e9riences gastronomiques et \u0153nologiques\"}]},{\"@type\":\"WebSite\",\"@id\":\"https:\\\/\\\/www.1783dimoradepoca.com\\\/fr\\\/#website\",\"url\":\"https:\\\/\\\/www.1783dimoradepoca.com\\\/fr\\\/\",\"name\":\"1783 Dimora d'Epoca\",\"description\":\"B&amp;B Locorotondo\",\"publisher\":{\"@id\":\"https:\\\/\\\/www.1783dimoradepoca.com\\\/fr\\\/#organization\"},\"potentialAction\":[{\"@type\":\"SearchAction\",\"target\":{\"@type\":\"EntryPoint\",\"urlTemplate\":\"https:\\\/\\\/www.1783dimoradepoca.com\\\/fr\\\/?s={search_term_string}\"},\"query-input\":{\"@type\":\"PropertyValueSpecification\",\"valueRequired\":true,\"valueName\":\"search_term_string\"}}],\"inLanguage\":\"fr-FR\"},{\"@type\":\"Organization\",\"@id\":\"https:\\\/\\\/www.1783dimoradepoca.com\\\/fr\\\/#organization\",\"name\":\"1783 - Dimora d'Epoca\",\"url\":\"https:\\\/\\\/www.1783dimoradepoca.com\\\/fr\\\/\",\"logo\":{\"@type\":\"ImageObject\",\"inLanguage\":\"fr-FR\",\"@id\":\"https:\\\/\\\/www.1783dimoradepoca.com\\\/fr\\\/#\\\/schema\\\/logo\\\/image\\\/\",\"url\":\"https:\\\/\\\/www.1783dimoradepoca.com\\\/wp-content\\\/uploads\\\/2021\\\/02\\\/dimora-depoca-nuovo-LOGO-istituzionale-colore.png\",\"contentUrl\":\"https:\\\/\\\/www.1783dimoradepoca.com\\\/wp-content\\\/uploads\\\/2021\\\/02\\\/dimora-depoca-nuovo-LOGO-istituzionale-colore.png\",\"width\":1916,\"height\":1152,\"caption\":\"1783 - Dimora d'Epoca\"},\"image\":{\"@id\":\"https:\\\/\\\/www.1783dimoradepoca.com\\\/fr\\\/#\\\/schema\\\/logo\\\/image\\\/\"},\"sameAs\":[\"https:\\\/\\\/www.facebook.com\\\/1783-Dimora-depoca-111340963747597\\\/\",\"https:\\\/\\\/www.instagram.com\\\/1783_dimora_depoca\\\/\"]}]}<\/script>\n<!-- \/ Yoast SEO plugin. -->","yoast_head_json":{"title":"Exp\u00e9riences gastronomiques et \u0153nologiques - 1783 Dimora d&#039;Epoca","robots":{"index":"index","follow":"follow","max-snippet":"max-snippet:-1","max-image-preview":"max-image-preview:large","max-video-preview":"max-video-preview:-1"},"canonical":"https:\/\/www.1783dimoradepoca.com\/fr\/experiences-gastronomiques-et-oenologiques\/","og_locale":"fr_FR","og_type":"article","og_title":"Exp\u00e9riences gastronomiques et \u0153nologiques - 1783 Dimora d&#039;Epoca","og_description":"Un voyage \u00e0 travers les traditions gastronomiques et \u0153nologiques de notre terre. Des visites guid\u00e9es et des cours de cuisine. \u00a0 Exp\u00e9riences gastronomiques et \u0153nologiques Un voyage \u00e0 travers les traditions gastronomiques et \u0153nologiques de notre terre. Des visites guid\u00e9es et des cours de cuisine. \u00a0 Des visites pour d\u00e9couvrir les vins, les huiles et [&hellip;]","og_url":"https:\/\/www.1783dimoradepoca.com\/fr\/experiences-gastronomiques-et-oenologiques\/","og_site_name":"1783 Dimora d&#039;Epoca","article_publisher":"https:\/\/www.facebook.com\/1783-Dimora-depoca-111340963747597\/","article_modified_time":"2022-11-22T14:12:43+00:00","twitter_card":"summary_large_image","twitter_misc":{"Dur\u00e9e de lecture estim\u00e9e":"5 minutes"},"schema":{"@context":"https:\/\/schema.org","@graph":[{"@type":"WebPage","@id":"https:\/\/www.1783dimoradepoca.com\/fr\/experiences-gastronomiques-et-oenologiques\/","url":"https:\/\/www.1783dimoradepoca.com\/fr\/experiences-gastronomiques-et-oenologiques\/","name":"Exp\u00e9riences gastronomiques et \u0153nologiques - 1783 Dimora d&#039;Epoca","isPartOf":{"@id":"https:\/\/www.1783dimoradepoca.com\/fr\/#website"},"datePublished":"2022-11-22T14:12:41+00:00","dateModified":"2022-11-22T14:12:43+00:00","breadcrumb":{"@id":"https:\/\/www.1783dimoradepoca.com\/fr\/experiences-gastronomiques-et-oenologiques\/#breadcrumb"},"inLanguage":"fr-FR","potentialAction":[{"@type":"ReadAction","target":["https:\/\/www.1783dimoradepoca.com\/fr\/experiences-gastronomiques-et-oenologiques\/"]}]},{"@type":"BreadcrumbList","@id":"https:\/\/www.1783dimoradepoca.com\/fr\/experiences-gastronomiques-et-oenologiques\/#breadcrumb","itemListElement":[{"@type":"ListItem","position":1,"name":"Home","item":"https:\/\/www.1783dimoradepoca.com\/fr\/"},{"@type":"ListItem","position":2,"name":"Exp\u00e9riences gastronomiques et \u0153nologiques"}]},{"@type":"WebSite","@id":"https:\/\/www.1783dimoradepoca.com\/fr\/#website","url":"https:\/\/www.1783dimoradepoca.com\/fr\/","name":"1783 Dimora d'Epoca","description":"B&amp;B Locorotondo","publisher":{"@id":"https:\/\/www.1783dimoradepoca.com\/fr\/#organization"},"potentialAction":[{"@type":"SearchAction","target":{"@type":"EntryPoint","urlTemplate":"https:\/\/www.1783dimoradepoca.com\/fr\/?s={search_term_string}"},"query-input":{"@type":"PropertyValueSpecification","valueRequired":true,"valueName":"search_term_string"}}],"inLanguage":"fr-FR"},{"@type":"Organization","@id":"https:\/\/www.1783dimoradepoca.com\/fr\/#organization","name":"1783 - Dimora d'Epoca","url":"https:\/\/www.1783dimoradepoca.com\/fr\/","logo":{"@type":"ImageObject","inLanguage":"fr-FR","@id":"https:\/\/www.1783dimoradepoca.com\/fr\/#\/schema\/logo\/image\/","url":"https:\/\/www.1783dimoradepoca.com\/wp-content\/uploads\/2021\/02\/dimora-depoca-nuovo-LOGO-istituzionale-colore.png","contentUrl":"https:\/\/www.1783dimoradepoca.com\/wp-content\/uploads\/2021\/02\/dimora-depoca-nuovo-LOGO-istituzionale-colore.png","width":1916,"height":1152,"caption":"1783 - Dimora d'Epoca"},"image":{"@id":"https:\/\/www.1783dimoradepoca.com\/fr\/#\/schema\/logo\/image\/"},"sameAs":["https:\/\/www.facebook.com\/1783-Dimora-depoca-111340963747597\/","https:\/\/www.instagram.com\/1783_dimora_depoca\/"]}]}},"_links":{"self":[{"href":"https:\/\/www.1783dimoradepoca.com\/fr\/wp-json\/wp\/v2\/pages\/3026","targetHints":{"allow":["GET"]}}],"collection":[{"href":"https:\/\/www.1783dimoradepoca.com\/fr\/wp-json\/wp\/v2\/pages"}],"about":[{"href":"https:\/\/www.1783dimoradepoca.com\/fr\/wp-json\/wp\/v2\/types\/page"}],"author":[{"embeddable":true,"href":"https:\/\/www.1783dimoradepoca.com\/fr\/wp-json\/wp\/v2\/users\/3"}],"replies":[{"embeddable":true,"href":"https:\/\/www.1783dimoradepoca.com\/fr\/wp-json\/wp\/v2\/comments?post=3026"}],"version-history":[{"count":0,"href":"https:\/\/www.1783dimoradepoca.com\/fr\/wp-json\/wp\/v2\/pages\/3026\/revisions"}],"wp:attachment":[{"href":"https:\/\/www.1783dimoradepoca.com\/fr\/wp-json\/wp\/v2\/media?parent=3026"}],"curies":[{"name":"wp","href":"https:\/\/api.w.org\/{rel}","templated":true}]}}