{"id":660,"date":"2021-03-24T14:25:14","date_gmt":"2021-03-24T13:25:14","guid":{"rendered":"https:\/\/www.1783dimoradepoca.com\/home\/"},"modified":"2022-07-29T16:05:19","modified_gmt":"2022-07-29T14:05:19","slug":"home","status":"publish","type":"page","link":"https:\/\/www.1783dimoradepoca.com\/fr\/","title":{"rendered":"Home"},"content":{"rendered":"<p>[et_pb_section fb_built=\u00a0\u00bb1&Prime; fullwidth=\u00a0\u00bbon\u00a0\u00bb _builder_version=\u00a0\u00bb4.14.8&Prime; _module_preset=\u00a0\u00bbdefault\u00a0\u00bb global_colors_info=\u00a0\u00bb{}\u00a0\u00bb theme_builder_area=\u00a0\u00bbpost_content\u00a0\u00bb][et_pb_fullwidth_header header_scroll_down=\u00a0\u00bbon\u00a0\u00bb scroll_down_icon=\u00a0\u00bb%%0%%\u00a0\u00bb scroll_down_icon_size=\u00a0\u00bb64px\u00a0\u00bb background_overlay_color=\u00a0\u00bbRGBA(255,255,255,0)\u00a0\u00bb disabled_on=\u00a0\u00bbon|on|off\u00a0\u00bb _builder_version=\u00a0\u00bb4.14.8&Prime; _module_preset=\u00a0\u00bbdefault\u00a0\u00bb background_enable_color=\u00a0\u00bboff\u00a0\u00bb background_video_mp4=\u00a0\u00bbhttps:\/\/www.1783dimoradepoca.com\/wp-content\/uploads\/2022\/07\/1783-dimora-d-epoca-video-welcome.mp4&Prime; background_video_width=\u00a0\u00bb900px\u00a0\u00bb background_video_height=\u00a0\u00bb300px\u00a0\u00bb custom_padding=\u00a0\u00bb||755px|||\u00a0\u00bb global_colors_info=\u00a0\u00bb{}\u00a0\u00bb theme_builder_area=\u00a0\u00bbpost_content\u00a0\u00bb][\/et_pb_fullwidth_header][\/et_pb_section][et_pb_section fb_built=\u00a0\u00bb1&Prime; fullwidth=\u00a0\u00bbon\u00a0\u00bb _builder_version=\u00a0\u00bb4.7.4&Prime; _module_preset=\u00a0\u00bbdefault\u00a0\u00bb background_color=\u00a0\u00bb#63513d\u00a0\u00bb min_height=\u00a0\u00bb200px\u00a0\u00bb global_colors_info=\u00a0\u00bb{}\u00a0\u00bb][et_pb_fullwidth_header title=\u00a0\u00bbR\u00e9servez maintenant\u00a0\u00bb text_orientation=\u00a0\u00bbcenter\u00a0\u00bb _builder_version=\u00a0\u00bb4.14.8&Prime; _module_preset=\u00a0\u00bbdefault\u00a0\u00bb custom_margin=\u00a0\u00bb-5px||||false|false\u00a0\u00bb custom_padding=\u00a0\u00bb0px||0px||false|false\u00a0\u00bb custom_css_header_container=\u00a0\u00bbwidth:100%\u00a0\u00bb global_colors_info=\u00a0\u00bb{}\u00a0\u00bb][\/et_pb_fullwidth_header][et_pb_fullwidth_code _builder_version=\u00a0\u00bb4.7.4&Prime; _module_preset=\u00a0\u00bbdefault\u00a0\u00bb custom_margin=\u00a0\u00bb|20px||20px|false|false\u00a0\u00bb custom_margin_tablet=\u00a0\u00bb\u00a0\u00bb custom_margin_phone=\u00a0\u00bb\u00a0\u00bb custom_margin_last_edited=\u00a0\u00bbon|desktop\u00a0\u00bb custom_padding=\u00a0\u00bb17px||50px||false|false\u00a0\u00bb global_colors_info=\u00a0\u00bb{}\u00a0\u00bb]<script type=\"text\/javascript\" src=\"https:\/\/www.octorate.com\/octobook\/resources\/widget\/js\/form.js\" data-sitekey=\"fcb0e4da8a0318c5831c739b5631d841\"><\/script>[\/et_pb_fullwidth_code][\/et_pb_section][et_pb_section fb_built=\u00a0\u00bb1&Prime; module_id=\u00a0\u00bbscroll\u00a0\u00bb _builder_version=\u00a0\u00bb4.7.4&Prime; _module_preset=\u00a0\u00bbdefault\u00a0\u00bb custom_margin=\u00a0\u00bb0px||||false|false\u00a0\u00bb custom_padding=\u00a0\u00bb0px|||||\u00a0\u00bb global_colors_info=\u00a0\u00bb{}\u00a0\u00bb][et_pb_row column_structure=\u00a0\u00bb1_2,1_2&Prime; _builder_version=\u00a0\u00bb4.7.4&Prime; _module_preset=\u00a0\u00bbdefault\u00a0\u00bb global_colors_info=\u00a0\u00bb{}\u00a0\u00bb][et_pb_column type=\u00a0\u00bb1_2&Prime; _builder_version=\u00a0\u00bb4.7.4&Prime; _module_preset=\u00a0\u00bbdefault\u00a0\u00bb global_colors_info=\u00a0\u00bb{}\u00a0\u00bb][et_pb_image src=\u00a0\u00bbhttps:\/\/www.1783dimoradepoca.com\/wp-content\/uploads\/2022\/02\/1783-dimora-depoca-1.jpg\u00a0\u00bb title_text=\u00a0\u00bb1783-dimora-depoca-1&Prime; _builder_version=\u00a0\u00bb4.7.4&Prime; _module_preset=\u00a0\u00bbdefault\u00a0\u00bb global_colors_info=\u00a0\u00bb{}\u00a0\u00bb][\/et_pb_image][\/et_pb_column][et_pb_column type=\u00a0\u00bb1_2&Prime; _builder_version=\u00a0\u00bb4.7.4&Prime; _module_preset=\u00a0\u00bbdefault\u00a0\u00bb global_colors_info=\u00a0\u00bb{}\u00a0\u00bb][et_pb_text admin_label=\u00a0\u00bbTitle\u00a0\u00bb _builder_version=\u00a0\u00bb4.7.4&Prime; text_font=\u00a0\u00bb||||||||\u00a0\u00bb header_font=\u00a0\u00bb||||||||\u00a0\u00bb header_2_font=\u00a0\u00bb||||||||\u00a0\u00bb header_2_text_align=\u00a0\u00bbcenter\u00a0\u00bb header_2_line_height=\u00a0\u00bb1.3em\u00a0\u00bb custom_margin=\u00a0\u00bb||20px|\u00a0\u00bb animation_style=\u00a0\u00bbslide\u00a0\u00bb animation_direction=\u00a0\u00bbtop\u00a0\u00bb animation_intensity_slide=\u00a0\u00bb30%\u00a0\u00bb animation_starting_opacity=\u00a0\u00bb100%\u00a0\u00bb inline_fonts=\u00a0\u00bbGeorgia\u00a0\u00bb global_colors_info=\u00a0\u00bb{}\u00a0\u00bb]<\/p>\n<h2 class=\"p1\" style=\"text-align: left;\"><span class=\"s1\">Nous vous attendions. Et quel bonheur de vous accueillir dans notre maison d\u2019h\u00f4tes !<\/span><\/h2>\n<p>[\/et_pb_text][et_pb_text admin_label=\u00a0\u00bbSubtitle\u00a0\u00bb _builder_version=\u00a0\u00bb4.7.4&Prime; text_font=\u00a0\u00bb||||||||\u00a0\u00bb text_font_size=\u00a0\u00bb16px\u00a0\u00bb text_line_height=\u00a0\u00bb1.8em\u00a0\u00bb text_orientation=\u00a0\u00bbcenter\u00a0\u00bb max_width=\u00a0\u00bb700px\u00a0\u00bb module_alignment=\u00a0\u00bbcenter\u00a0\u00bb animation_style=\u00a0\u00bbslide\u00a0\u00bb animation_direction=\u00a0\u00bbtop\u00a0\u00bb animation_intensity_slide=\u00a0\u00bb20%\u00a0\u00bb animation_starting_opacity=\u00a0\u00bb100%\u00a0\u00bb global_colors_info=\u00a0\u00bb{}\u00a0\u00bb]<\/p>\n<p class=\"p1\" style=\"text-align: left;\"><span class=\"s1\">Un nid douillet au c\u0153ur de la petite ville de Locorotondo, un lieu magique que, d\u00e8s le premier instant, vous pourrez appeler \u00ab mon chez-moi \u00bb.<\/span><\/p>\n<p class=\"p1\" style=\"text-align: left;\"><span class=\"s1\">Si vous avez choisi de s\u00e9journer dans notre maison d\u2019h\u00f4tes, vous y trouverez des chambres d\u2019h\u00f4tes, mais surtout une v\u00e9ritable exp\u00e9rience de vie, dans l\u2019un des plus beaux lieux d\u2019Italie.<\/span><\/p>\n<p class=\"p1\" style=\"text-align: left;\"><span class=\"s1\">Un voyage \u00e0 travers la pierre et l\u2019histoire, une promenade insouciante dans les ruelles de Locorotondo, les r\u00e9cits et les sourires aimables de ses habitants, le flamboiement du coucher de soleil sur la vall\u00e9e d\u2019Itria. Quand vous arriverez, vous vivrez toutes ces \u00e9motions.<\/span><\/p>\n<p class=\"p1\" style=\"text-align: left;\"><span class=\"s1\">Nous, nous vous attendrons sur le pas de la porte, comme si vous rentriez chez vous, m\u00eame la premi\u00e8re fois.<\/span><\/p>\n<p>[\/et_pb_text][et_pb_button button_url=\u00a0\u00bbhttps:\/\/www.1783dimoradepoca.com\/fr\/la-dimora\/\u00a0\u00bb button_text=\u00a0\u00bbEntrez dans 1783 &#8211; Dimora d\u2019Epoca \u00a0\u00bb button_alignment=\u00a0\u00bbcenter\u00a0\u00bb _builder_version=\u00a0\u00bb4.7.4&Prime; custom_padding=\u00a0\u00bb16px|30px|16px|30px\u00a0\u00bb animation_style=\u00a0\u00bbslide\u00a0\u00bb animation_direction=\u00a0\u00bbleft\u00a0\u00bb animation_intensity_slide=\u00a0\u00bb10%\u00a0\u00bb animation_starting_opacity=\u00a0\u00bb100%\u00a0\u00bb button_letter_spacing_hover=\u00a0\u00bb2px\u00a0\u00bb button_bg_color_hover=\u00a0\u00bb#e0c588&Prime; global_colors_info=\u00a0\u00bb{}\u00a0\u00bb button_text_size__hover_enabled=\u00a0\u00bboff\u00a0\u00bb button_one_text_size__hover_enabled=\u00a0\u00bboff\u00a0\u00bb button_two_text_size__hover_enabled=\u00a0\u00bboff\u00a0\u00bb button_text_color__hover_enabled=\u00a0\u00bboff\u00a0\u00bb button_one_text_color__hover_enabled=\u00a0\u00bboff\u00a0\u00bb button_two_text_color__hover_enabled=\u00a0\u00bboff\u00a0\u00bb button_border_width__hover_enabled=\u00a0\u00bboff\u00a0\u00bb button_one_border_width__hover_enabled=\u00a0\u00bboff\u00a0\u00bb button_two_border_width__hover_enabled=\u00a0\u00bboff\u00a0\u00bb button_border_color__hover_enabled=\u00a0\u00bboff\u00a0\u00bb button_one_border_color__hover_enabled=\u00a0\u00bboff\u00a0\u00bb button_two_border_color__hover_enabled=\u00a0\u00bboff\u00a0\u00bb button_border_radius__hover_enabled=\u00a0\u00bboff\u00a0\u00bb button_one_border_radius__hover_enabled=\u00a0\u00bboff\u00a0\u00bb button_two_border_radius__hover_enabled=\u00a0\u00bboff\u00a0\u00bb button_letter_spacing__hover_enabled=\u00a0\u00bbon\u00a0\u00bb button_letter_spacing__hover=\u00a0\u00bb2px\u00a0\u00bb button_one_letter_spacing__hover_enabled=\u00a0\u00bboff\u00a0\u00bb button_two_letter_spacing__hover_enabled=\u00a0\u00bboff\u00a0\u00bb button_bg_color__hover_enabled=\u00a0\u00bbon\u00a0\u00bb button_bg_color__hover=\u00a0\u00bb#e0c588&Prime; button_one_bg_color__hover_enabled=\u00a0\u00bboff\u00a0\u00bb button_two_bg_color__hover_enabled=\u00a0\u00bboff\u00a0\u00bb][\/et_pb_button][\/et_pb_column][\/et_pb_row][\/et_pb_section][et_pb_section fb_built=\u00a0\u00bb1&Prime; admin_label=\u00a0\u00bbSeasonal Collection\u00a0\u00bb _builder_version=\u00a0\u00bb4.7.4&Prime; background_color=\u00a0\u00bb#264059&Prime; use_background_color_gradient=\u00a0\u00bbon\u00a0\u00bb background_color_gradient_start=\u00a0\u00bb#a48a7b\u00a0\u00bb background_color_gradient_end=\u00a0\u00bbrgba(38,64,89,0)\u00a0\u00bb background_color_gradient_direction=\u00a0\u00bb90deg\u00a0\u00bb background_color_gradient_start_position=\u00a0\u00bb30%\u00a0\u00bb background_color_gradient_overlays_image=\u00a0\u00bbon\u00a0\u00bb background_image=\u00a0\u00bbhttps:\/\/www.1783dimoradepoca.com\/wp-content\/uploads\/2020\/11\/dimora-storica-ricevi-le-nostre-lettere-scaled.jpg\u00a0\u00bb height=\u00a0\u00bb712px\u00a0\u00bb custom_margin=\u00a0\u00bb|||\u00a0\u00bb custom_padding=\u00a0\u00bb12.2%|0px|16%|0px||\u00a0\u00bb global_colors_info=\u00a0\u00bb{}\u00a0\u00bb][et_pb_row custom_padding_last_edited=\u00a0\u00bbon|desktop\u00a0\u00bb admin_label=\u00a0\u00bbHero Area\u00a0\u00bb _builder_version=\u00a0\u00bb4.7.0&Prime; max_width=\u00a0\u00bb80%\u00a0\u00bb custom_padding=\u00a0\u00bb0px|0px|0px|0px|false|false\u00a0\u00bb custom_padding_tablet=\u00a0\u00bb\u00a0\u00bb custom_padding_phone=\u00a0\u00bb\u00a0\u00bb use_custom_width=\u00a0\u00bbon\u00a0\u00bb width_unit=\u00a0\u00bboff\u00a0\u00bb global_colors_info=\u00a0\u00bb{}\u00a0\u00bb][et_pb_column type=\u00a0\u00bb4_4&Prime; _builder_version=\u00a0\u00bb4.7.0&Prime; _module_preset=\u00a0\u00bbdefault\u00a0\u00bb global_colors_info=\u00a0\u00bb{}\u00a0\u00bb][et_pb_text admin_label=\u00a0\u00bbTitle\u00a0\u00bb _builder_version=\u00a0\u00bb4.7.4&Prime; text_font=\u00a0\u00bb||||||||\u00a0\u00bb header_font=\u00a0\u00bb||||||||\u00a0\u00bb header_2_font=\u00a0\u00bb||||||||\u00a0\u00bb header_2_text_align=\u00a0\u00bbcenter\u00a0\u00bb header_2_font_size=\u00a0\u00bb32px\u00a0\u00bb header_2_line_height=\u00a0\u00bb1.3em\u00a0\u00bb custom_margin=\u00a0\u00bb||20px|\u00a0\u00bb animation_style=\u00a0\u00bbslide\u00a0\u00bb animation_direction=\u00a0\u00bbtop\u00a0\u00bb animation_intensity_slide=\u00a0\u00bb30%\u00a0\u00bb animation_starting_opacity=\u00a0\u00bb100%\u00a0\u00bb global_colors_info=\u00a0\u00bb{}\u00a0\u00bb]<\/p>\n<h2 class=\"p1\" style=\"text-align: left;\"><span class=\"s1\" style=\"color: #ffffff;\">Recevez notre bulletin<\/span><\/h2>\n<p>[\/et_pb_text][et_pb_text _builder_version=\u00a0\u00bb4.7.0&Prime; text_font=\u00a0\u00bb||||||||\u00a0\u00bb text_font_size=\u00a0\u00bb18px\u00a0\u00bb text_line_height=\u00a0\u00bb1.8em\u00a0\u00bb header_font=\u00a0\u00bb||||||||\u00a0\u00bb background_layout=\u00a0\u00bbdark\u00a0\u00bb max_width=\u00a0\u00bb500px\u00a0\u00bb custom_margin=\u00a0\u00bb|||\u00a0\u00bb custom_padding=\u00a0\u00bb||10px|\u00a0\u00bb animation_style=\u00a0\u00bbslide\u00a0\u00bb animation_direction=\u00a0\u00bbleft\u00a0\u00bb animation_intensity_slide=\u00a0\u00bb5%\u00a0\u00bb animation_starting_opacity=\u00a0\u00bb100%\u00a0\u00bb global_colors_info=\u00a0\u00bb{}\u00a0\u00bb]<\/p>\n<p class=\"p1\"><span class=\"s1\">Nous vous \u00e9crirons pour vous raconter l\u2019histoire de notre maison d\u2019h\u00f4tes et pour partager avec vous nos nouveaut\u00e9s, promotions et offres magiques.<\/span><\/p>\n<p>[\/et_pb_text][et_pb_button button_url=\u00a0\u00bbhttp:\/\/eepurl.com\/hwOQCD\u00a0\u00bb url_new_window=\u00a0\u00bbon\u00a0\u00bb button_text=\u00a0\u00bbAbonnez-vous\u00a0\u00bb _builder_version=\u00a0\u00bb4.7.4&Prime; custom_button=\u00a0\u00bbon\u00a0\u00bb button_text_color=\u00a0\u00bb#ffffff\u00a0\u00bb button_bg_color=\u00a0\u00bbrgba(0,0,0,0)\u00a0\u00bb button_border_color=\u00a0\u00bb#ffffff\u00a0\u00bb button_font=\u00a0\u00bbCinzel||||||||\u00a0\u00bb custom_padding=\u00a0\u00bb16px|30px|16px|30px\u00a0\u00bb animation_direction=\u00a0\u00bbleft\u00a0\u00bb button_letter_spacing_hover=\u00a0\u00bb2px\u00a0\u00bb button_bg_color_hover=\u00a0\u00bb#e0c588&Prime; global_colors_info=\u00a0\u00bb{}\u00a0\u00bb button_text_size__hover_enabled=\u00a0\u00bboff\u00a0\u00bb button_one_text_size__hover_enabled=\u00a0\u00bboff\u00a0\u00bb button_two_text_size__hover_enabled=\u00a0\u00bboff\u00a0\u00bb button_text_color__hover_enabled=\u00a0\u00bboff\u00a0\u00bb button_one_text_color__hover_enabled=\u00a0\u00bboff\u00a0\u00bb button_two_text_color__hover_enabled=\u00a0\u00bboff\u00a0\u00bb button_border_width__hover_enabled=\u00a0\u00bboff\u00a0\u00bb button_one_border_width__hover_enabled=\u00a0\u00bboff\u00a0\u00bb button_two_border_width__hover_enabled=\u00a0\u00bboff\u00a0\u00bb button_border_color__hover_enabled=\u00a0\u00bboff\u00a0\u00bb button_one_border_color__hover_enabled=\u00a0\u00bboff\u00a0\u00bb button_two_border_color__hover_enabled=\u00a0\u00bboff\u00a0\u00bb button_border_radius__hover_enabled=\u00a0\u00bboff\u00a0\u00bb button_one_border_radius__hover_enabled=\u00a0\u00bboff\u00a0\u00bb button_two_border_radius__hover_enabled=\u00a0\u00bboff\u00a0\u00bb button_letter_spacing__hover_enabled=\u00a0\u00bbon|hover\u00a0\u00bb button_letter_spacing__hover=\u00a0\u00bb0px\u00a0\u00bb button_one_letter_spacing__hover_enabled=\u00a0\u00bboff\u00a0\u00bb button_two_letter_spacing__hover_enabled=\u00a0\u00bboff\u00a0\u00bb button_bg_color__hover_enabled=\u00a0\u00bbon|hover\u00a0\u00bb button_bg_color__hover=\u00a0\u00bbrgba(0,0,0,0)\u00a0\u00bb button_one_bg_color__hover_enabled=\u00a0\u00bboff\u00a0\u00bb button_two_bg_color__hover_enabled=\u00a0\u00bboff\u00a0\u00bb button_bg_enable_color__hover=\u00a0\u00bbon\u00a0\u00bb][\/et_pb_button][\/et_pb_column][\/et_pb_row][\/et_pb_section]<\/p>\n","protected":false},"excerpt":{"rendered":"<p><script type=\"text\/javascript\" src=\"https:\/\/www.octorate.com\/octobook\/resources\/widget\/js\/form.js\" data-sitekey=\"fcb0e4da8a0318c5831c739b5631d841\"><\/script>Nous vous attendions. Et quel bonheur de vous accueillir dans notre maison d\u2019h\u00f4tes !Un nid douillet au c\u0153ur de la petite ville de Locorotondo, un lieu magique que, d\u00e8s le premier instant, vous pourrez appeler \u00ab mon chez-moi \u00bb. Si vous avez choisi de s\u00e9journer dans notre maison d\u2019h\u00f4tes, vous y trouverez des chambres d\u2019h\u00f4tes, [&hellip;]<\/p>\n","protected":false},"author":3,"featured_media":0,"parent":0,"menu_order":0,"comment_status":"closed","ping_status":"closed","template":"","meta":{"_et_pb_use_builder":"on","_et_pb_old_content":"","_et_gb_content_width":"","footnotes":""},"class_list":["post-660","page","type-page","status-publish","hentry"],"yoast_head":"<!-- This site is optimized with the Yoast SEO plugin v27.3 - https:\/\/yoast.com\/product\/yoast-seo-wordpress\/ -->\n<title>Home - 1783 Dimora d&#039;Epoca<\/title>\n<meta name=\"robots\" content=\"index, follow, max-snippet:-1, max-image-preview:large, max-video-preview:-1\" \/>\n<link rel=\"canonical\" href=\"https:\/\/www.1783dimoradepoca.com\/fr\/\" \/>\n<meta property=\"og:locale\" content=\"fr_FR\" \/>\n<meta property=\"og:type\" content=\"article\" \/>\n<meta property=\"og:title\" content=\"Home - 1783 Dimora d&#039;Epoca\" \/>\n<meta property=\"og:description\" content=\"Nous vous attendions. Et quel bonheur de vous accueillir dans notre maison d\u2019h\u00f4tes !Un nid douillet au c\u0153ur de la petite ville de Locorotondo, un lieu magique que, d\u00e8s le premier instant, vous pourrez appeler \u00ab mon chez-moi \u00bb. Si vous avez choisi de s\u00e9journer dans notre maison d\u2019h\u00f4tes, vous y trouverez des chambres d\u2019h\u00f4tes, [&hellip;]\" \/>\n<meta property=\"og:url\" content=\"https:\/\/www.1783dimoradepoca.com\/fr\/\" \/>\n<meta property=\"og:site_name\" content=\"1783 Dimora d&#039;Epoca\" \/>\n<meta property=\"article:publisher\" content=\"https:\/\/www.facebook.com\/1783-Dimora-depoca-111340963747597\/\" \/>\n<meta property=\"article:modified_time\" content=\"2022-07-29T14:05:19+00:00\" \/>\n<meta name=\"twitter:card\" content=\"summary_large_image\" \/>\n<meta name=\"twitter:label1\" content=\"Dur\u00e9e de lecture estim\u00e9e\" \/>\n\t<meta name=\"twitter:data1\" content=\"6 minutes\" \/>\n<script type=\"application\/ld+json\" class=\"yoast-schema-graph\">{\"@context\":\"https:\\\/\\\/schema.org\",\"@graph\":[{\"@type\":\"WebPage\",\"@id\":\"https:\\\/\\\/www.1783dimoradepoca.com\\\/fr\\\/\",\"url\":\"https:\\\/\\\/www.1783dimoradepoca.com\\\/fr\\\/\",\"name\":\"Home - 1783 Dimora d&#039;Epoca\",\"isPartOf\":{\"@id\":\"https:\\\/\\\/www.1783dimoradepoca.com\\\/fr\\\/#website\"},\"datePublished\":\"2021-03-24T13:25:14+00:00\",\"dateModified\":\"2022-07-29T14:05:19+00:00\",\"breadcrumb\":{\"@id\":\"https:\\\/\\\/www.1783dimoradepoca.com\\\/fr\\\/#breadcrumb\"},\"inLanguage\":\"fr-FR\",\"potentialAction\":[{\"@type\":\"ReadAction\",\"target\":[\"https:\\\/\\\/www.1783dimoradepoca.com\\\/fr\\\/\"]}]},{\"@type\":\"BreadcrumbList\",\"@id\":\"https:\\\/\\\/www.1783dimoradepoca.com\\\/fr\\\/#breadcrumb\",\"itemListElement\":[{\"@type\":\"ListItem\",\"position\":1,\"name\":\"Home\",\"item\":\"https:\\\/\\\/www.1783dimoradepoca.com\\\/fr\\\/\"},{\"@type\":\"ListItem\",\"position\":2,\"name\":\"Home\"}]},{\"@type\":\"WebSite\",\"@id\":\"https:\\\/\\\/www.1783dimoradepoca.com\\\/fr\\\/#website\",\"url\":\"https:\\\/\\\/www.1783dimoradepoca.com\\\/fr\\\/\",\"name\":\"1783 Dimora d'Epoca\",\"description\":\"B&amp;B Locorotondo\",\"publisher\":{\"@id\":\"https:\\\/\\\/www.1783dimoradepoca.com\\\/fr\\\/#organization\"},\"potentialAction\":[{\"@type\":\"SearchAction\",\"target\":{\"@type\":\"EntryPoint\",\"urlTemplate\":\"https:\\\/\\\/www.1783dimoradepoca.com\\\/fr\\\/?s={search_term_string}\"},\"query-input\":{\"@type\":\"PropertyValueSpecification\",\"valueRequired\":true,\"valueName\":\"search_term_string\"}}],\"inLanguage\":\"fr-FR\"},{\"@type\":\"Organization\",\"@id\":\"https:\\\/\\\/www.1783dimoradepoca.com\\\/fr\\\/#organization\",\"name\":\"1783 - Dimora d'Epoca\",\"url\":\"https:\\\/\\\/www.1783dimoradepoca.com\\\/fr\\\/\",\"logo\":{\"@type\":\"ImageObject\",\"inLanguage\":\"fr-FR\",\"@id\":\"https:\\\/\\\/www.1783dimoradepoca.com\\\/fr\\\/#\\\/schema\\\/logo\\\/image\\\/\",\"url\":\"https:\\\/\\\/www.1783dimoradepoca.com\\\/wp-content\\\/uploads\\\/2021\\\/02\\\/dimora-depoca-nuovo-LOGO-istituzionale-colore.png\",\"contentUrl\":\"https:\\\/\\\/www.1783dimoradepoca.com\\\/wp-content\\\/uploads\\\/2021\\\/02\\\/dimora-depoca-nuovo-LOGO-istituzionale-colore.png\",\"width\":1916,\"height\":1152,\"caption\":\"1783 - Dimora d'Epoca\"},\"image\":{\"@id\":\"https:\\\/\\\/www.1783dimoradepoca.com\\\/fr\\\/#\\\/schema\\\/logo\\\/image\\\/\"},\"sameAs\":[\"https:\\\/\\\/www.facebook.com\\\/1783-Dimora-depoca-111340963747597\\\/\",\"https:\\\/\\\/www.instagram.com\\\/1783_dimora_depoca\\\/\"]}]}<\/script>\n<!-- \/ Yoast SEO plugin. -->","yoast_head_json":{"title":"Home - 1783 Dimora d&#039;Epoca","robots":{"index":"index","follow":"follow","max-snippet":"max-snippet:-1","max-image-preview":"max-image-preview:large","max-video-preview":"max-video-preview:-1"},"canonical":"https:\/\/www.1783dimoradepoca.com\/fr\/","og_locale":"fr_FR","og_type":"article","og_title":"Home - 1783 Dimora d&#039;Epoca","og_description":"Nous vous attendions. Et quel bonheur de vous accueillir dans notre maison d\u2019h\u00f4tes !Un nid douillet au c\u0153ur de la petite ville de Locorotondo, un lieu magique que, d\u00e8s le premier instant, vous pourrez appeler \u00ab mon chez-moi \u00bb. Si vous avez choisi de s\u00e9journer dans notre maison d\u2019h\u00f4tes, vous y trouverez des chambres d\u2019h\u00f4tes, [&hellip;]","og_url":"https:\/\/www.1783dimoradepoca.com\/fr\/","og_site_name":"1783 Dimora d&#039;Epoca","article_publisher":"https:\/\/www.facebook.com\/1783-Dimora-depoca-111340963747597\/","article_modified_time":"2022-07-29T14:05:19+00:00","twitter_card":"summary_large_image","twitter_misc":{"Dur\u00e9e de lecture estim\u00e9e":"6 minutes"},"schema":{"@context":"https:\/\/schema.org","@graph":[{"@type":"WebPage","@id":"https:\/\/www.1783dimoradepoca.com\/fr\/","url":"https:\/\/www.1783dimoradepoca.com\/fr\/","name":"Home - 1783 Dimora d&#039;Epoca","isPartOf":{"@id":"https:\/\/www.1783dimoradepoca.com\/fr\/#website"},"datePublished":"2021-03-24T13:25:14+00:00","dateModified":"2022-07-29T14:05:19+00:00","breadcrumb":{"@id":"https:\/\/www.1783dimoradepoca.com\/fr\/#breadcrumb"},"inLanguage":"fr-FR","potentialAction":[{"@type":"ReadAction","target":["https:\/\/www.1783dimoradepoca.com\/fr\/"]}]},{"@type":"BreadcrumbList","@id":"https:\/\/www.1783dimoradepoca.com\/fr\/#breadcrumb","itemListElement":[{"@type":"ListItem","position":1,"name":"Home","item":"https:\/\/www.1783dimoradepoca.com\/fr\/"},{"@type":"ListItem","position":2,"name":"Home"}]},{"@type":"WebSite","@id":"https:\/\/www.1783dimoradepoca.com\/fr\/#website","url":"https:\/\/www.1783dimoradepoca.com\/fr\/","name":"1783 Dimora d'Epoca","description":"B&amp;B Locorotondo","publisher":{"@id":"https:\/\/www.1783dimoradepoca.com\/fr\/#organization"},"potentialAction":[{"@type":"SearchAction","target":{"@type":"EntryPoint","urlTemplate":"https:\/\/www.1783dimoradepoca.com\/fr\/?s={search_term_string}"},"query-input":{"@type":"PropertyValueSpecification","valueRequired":true,"valueName":"search_term_string"}}],"inLanguage":"fr-FR"},{"@type":"Organization","@id":"https:\/\/www.1783dimoradepoca.com\/fr\/#organization","name":"1783 - Dimora d'Epoca","url":"https:\/\/www.1783dimoradepoca.com\/fr\/","logo":{"@type":"ImageObject","inLanguage":"fr-FR","@id":"https:\/\/www.1783dimoradepoca.com\/fr\/#\/schema\/logo\/image\/","url":"https:\/\/www.1783dimoradepoca.com\/wp-content\/uploads\/2021\/02\/dimora-depoca-nuovo-LOGO-istituzionale-colore.png","contentUrl":"https:\/\/www.1783dimoradepoca.com\/wp-content\/uploads\/2021\/02\/dimora-depoca-nuovo-LOGO-istituzionale-colore.png","width":1916,"height":1152,"caption":"1783 - Dimora d'Epoca"},"image":{"@id":"https:\/\/www.1783dimoradepoca.com\/fr\/#\/schema\/logo\/image\/"},"sameAs":["https:\/\/www.facebook.com\/1783-Dimora-depoca-111340963747597\/","https:\/\/www.instagram.com\/1783_dimora_depoca\/"]}]}},"_links":{"self":[{"href":"https:\/\/www.1783dimoradepoca.com\/fr\/wp-json\/wp\/v2\/pages\/660","targetHints":{"allow":["GET"]}}],"collection":[{"href":"https:\/\/www.1783dimoradepoca.com\/fr\/wp-json\/wp\/v2\/pages"}],"about":[{"href":"https:\/\/www.1783dimoradepoca.com\/fr\/wp-json\/wp\/v2\/types\/page"}],"author":[{"embeddable":true,"href":"https:\/\/www.1783dimoradepoca.com\/fr\/wp-json\/wp\/v2\/users\/3"}],"replies":[{"embeddable":true,"href":"https:\/\/www.1783dimoradepoca.com\/fr\/wp-json\/wp\/v2\/comments?post=660"}],"version-history":[{"count":0,"href":"https:\/\/www.1783dimoradepoca.com\/fr\/wp-json\/wp\/v2\/pages\/660\/revisions"}],"wp:attachment":[{"href":"https:\/\/www.1783dimoradepoca.com\/fr\/wp-json\/wp\/v2\/media?parent=660"}],"curies":[{"name":"wp","href":"https:\/\/api.w.org\/{rel}","templated":true}]}}