{"id":666,"date":"2021-03-24T14:34:01","date_gmt":"2021-03-24T13:34:01","guid":{"rendered":"https:\/\/www.1783dimoradepoca.com\/lhistoire\/"},"modified":"2022-02-02T16:33:10","modified_gmt":"2022-02-02T15:33:10","slug":"lhistoire","status":"publish","type":"page","link":"https:\/\/www.1783dimoradepoca.com\/fr\/lhistoire\/","title":{"rendered":"L&rsquo;histoire"},"content":{"rendered":"<p>[et_pb_section fb_built=\u00a0\u00bb1&Prime; fullwidth=\u00a0\u00bbon\u00a0\u00bb _builder_version=\u00a0\u00bb4.7.4&Prime; _module_preset=\u00a0\u00bbdefault\u00a0\u00bb][et_pb_fullwidth_header title=\u00a0\u00bb\u00c0 propos\u00a0\u00bb text_orientation=\u00a0\u00bbcenter\u00a0\u00bb background_overlay_color=\u00a0\u00bbrgba(0,0,0,0)\u00a0\u00bb subhead_font_color=\u00a0\u00bb#bebebe\u00a0\u00bb _builder_version=\u00a0\u00bb4.7.4&Prime; title_font=\u00a0\u00bb||||||||\u00a0\u00bb title_text_color=\u00a0\u00bb#ffffff\u00a0\u00bb title_font_size=\u00a0\u00bb72px\u00a0\u00bb title_line_height=\u00a0\u00bb1.3em\u00a0\u00bb content_font=\u00a0\u00bb||||||||\u00a0\u00bb content_text_color=\u00a0\u00bb#ffffff\u00a0\u00bb content_font_size=\u00a0\u00bb19px\u00a0\u00bb content_line_height=\u00a0\u00bb1.8em\u00a0\u00bb subhead_font=\u00a0\u00bbMontserrat||||\u00a0\u00bb subhead_text_color=\u00a0\u00bb#bebebe\u00a0\u00bb subhead_line_height=\u00a0\u00bb1.8em\u00a0\u00bb background_enable_color=\u00a0\u00bboff\u00a0\u00bb use_background_color_gradient=\u00a0\u00bbon\u00a0\u00bb background_color_gradient_start=\u00a0\u00bb#a48a7b\u00a0\u00bb background_color_gradient_end=\u00a0\u00bbrgba(0,0,0,0)\u00a0\u00bb background_color_gradient_direction=\u00a0\u00bb360deg\u00a0\u00bb background_color_gradient_start_position=\u00a0\u00bb20%\u00a0\u00bb background_color_gradient_overlays_image=\u00a0\u00bbon\u00a0\u00bb background_image=\u00a0\u00bbhttps:\/\/www.1783dimoradepoca.com\/wp-content\/uploads\/2022\/02\/1783-dimora-depoca-7.jpg\u00a0\u00bb background_position=\u00a0\u00bbtop_center\u00a0\u00bb custom_padding=\u00a0\u00bb5%||5%|\u00a0\u00bb hover_enabled=\u00a0\u00bb0&Prime; title_line_height_last_edited=\u00a0\u00bboff|desktop\u00a0\u00bb button_one_text_size__hover_enabled=\u00a0\u00bboff\u00a0\u00bb button_two_text_size__hover_enabled=\u00a0\u00bboff\u00a0\u00bb button_one_text_color__hover_enabled=\u00a0\u00bboff\u00a0\u00bb button_two_text_color__hover_enabled=\u00a0\u00bboff\u00a0\u00bb button_one_border_width__hover_enabled=\u00a0\u00bboff\u00a0\u00bb button_two_border_width__hover_enabled=\u00a0\u00bboff\u00a0\u00bb button_one_border_color__hover_enabled=\u00a0\u00bboff\u00a0\u00bb button_two_border_color__hover_enabled=\u00a0\u00bboff\u00a0\u00bb button_one_border_radius__hover_enabled=\u00a0\u00bboff\u00a0\u00bb button_two_border_radius__hover_enabled=\u00a0\u00bboff\u00a0\u00bb button_one_letter_spacing__hover_enabled=\u00a0\u00bboff\u00a0\u00bb button_two_letter_spacing__hover_enabled=\u00a0\u00bboff\u00a0\u00bb button_one_bg_color__hover_enabled=\u00a0\u00bboff\u00a0\u00bb button_two_bg_color__hover_enabled=\u00a0\u00bboff\u00a0\u00bb title_text=\u00a0\u00bb1783-dimora-depoca-7&Prime; sticky_enabled=\u00a0\u00bb0&Prime;]<\/p>\n<p class=\"p1\" style=\"text-align: center;\"><strong><span class=\"s1\" style=\"color: #ffffff;\"><em>1783<\/em> &#8211; Dimora d\u2019Epoca est un nid douillet, une id\u00e9e de Nando.<\/span><\/strong><\/p>\n<p class=\"p1\" style=\"text-align: center;\"><span class=\"s1\" style=\"color: #ffffff;\">Nando a toujours voulu maintenir des liens durables avec sa r\u00e9gion d\u2019origine, les Pouilles.<\/span><\/p>\n<p class=\"p1\" style=\"text-align: center;\"><span class=\"s1\" style=\"color: #ffffff;\">En 2017, sa carri\u00e8re termin\u00e9e (il a longtemps travaill\u00e9 dans le marketing pour le secteur des produits de consommation courante et de luxe), il d\u00e9cide d\u2019\u00e9crire une nouvelle histoire, celle de <em>1783<\/em> &#8211; Dimora d\u2019Epoca. Un lieu intemporel, destin\u00e9 \u00e0 \u00eatre transmis aux g\u00e9n\u00e9rations futures.<\/span><\/p>\n<p class=\"p1\" style=\"text-align: center;\"><span class=\"s1\" style=\"color: #ffffff;\">Chiara, sa fille, d\u00e9cide peu apr\u00e8s de quitter Milan &#8211; o\u00f9 elle a travaill\u00e9 dans le secteur des produits de luxe, puis dans l\u2019\u00e9dition &#8211; pour rentrer \u00e0 Locorotondo et aider son p\u00e8re \u00e0 concr\u00e9tiser son id\u00e9e.<\/span><\/p>\n<p>[\/et_pb_fullwidth_header][\/et_pb_section][et_pb_section fb_built=\u00a0\u00bb1&Prime; admin_label=\u00a0\u00bbOur Story\u00a0\u00bb _builder_version=\u00a0\u00bb3.22&Prime; background_color=\u00a0\u00bb#ffffff\u00a0\u00bb background_position=\u00a0\u00bbtop_left\u00a0\u00bb custom_padding=\u00a0\u00bb100px|0px|100px|0px\u00a0\u00bb collapsed=\u00a0\u00bboff\u00a0\u00bb][et_pb_row column_structure=\u00a0\u00bb1_2,1_2&Prime; _builder_version=\u00a0\u00bb3.25&Prime; background_size=\u00a0\u00bbinitial\u00a0\u00bb background_position=\u00a0\u00bbtop_left\u00a0\u00bb background_repeat=\u00a0\u00bbrepeat\u00a0\u00bb custom_margin=\u00a0\u00bb|||\u00a0\u00bb custom_padding=\u00a0\u00bb|||\u00a0\u00bb][et_pb_column type=\u00a0\u00bb1_2&Prime; _builder_version=\u00a0\u00bb3.25&Prime; background_position=\u00a0\u00bbtop_left\u00a0\u00bb custom_padding=\u00a0\u00bb|||\u00a0\u00bb custom_padding__hover=\u00a0\u00bb|||\u00a0\u00bb][et_pb_text disabled_on=\u00a0\u00bboff|off|off\u00a0\u00bb _builder_version=\u00a0\u00bb4.7.4&Prime; text_font=\u00a0\u00bb||||||||\u00a0\u00bb header_font=\u00a0\u00bb||||||||\u00a0\u00bb header_2_font=\u00a0\u00bb||||||||\u00a0\u00bb header_2_font_size=\u00a0\u00bb48px\u00a0\u00bb header_2_line_height=\u00a0\u00bb1.3em\u00a0\u00bb background_image=\u00a0\u00bbhttps:\/\/www.1783dimoradepoca.com\/wp-content\/uploads\/2021\/01\/dimora-storica-nando.png\u00a0\u00bb background_size=\u00a0\u00bbcontain\u00a0\u00bb header_font_size__hover=\u00a0\u00bb30px\u00a0\u00bb header_font_size__hover_enabled=\u00a0\u00bb30px\u00a0\u00bb header_letter_spacing__hover=\u00a0\u00bb0px\u00a0\u00bb header_letter_spacing__hover_enabled=\u00a0\u00bb0px\u00a0\u00bb header_text_shadow_style__hover=\u00a0\u00bbnone\u00a0\u00bb header_text_shadow_style__hover_enabled=\u00a0\u00bbnone\u00a0\u00bb header_text_shadow_color__hover=\u00a0\u00bbrgba(0,0,0,0.4)\u00a0\u00bb header_text_shadow_color__hover_enabled=\u00a0\u00bbrgba(0,0,0,0.4)\u00a0\u00bb]<\/p>\n<h2 style=\"text-align: center;\">Nando<\/h2>\n<p>[\/et_pb_text][et_pb_text _builder_version=\u00a0\u00bb4.7.4&Prime; text_font=\u00a0\u00bb||||||||\u00a0\u00bb text_text_color=\u00a0\u00bb#939393&Prime; text_font_size=\u00a0\u00bb17px\u00a0\u00bb text_line_height=\u00a0\u00bb1.8em\u00a0\u00bb header_font=\u00a0\u00bb||||\u00a0\u00bb background_size=\u00a0\u00bbinitial\u00a0\u00bb background_position=\u00a0\u00bbtop_left\u00a0\u00bb background_repeat=\u00a0\u00bbrepeat\u00a0\u00bb max_width=\u00a0\u00bb700px\u00a0\u00bb custom_padding=\u00a0\u00bb|0px||||\u00a0\u00bb animation_style=\u00a0\u00bbslide\u00a0\u00bb animation_direction=\u00a0\u00bbtop\u00a0\u00bb animation_intensity_slide=\u00a0\u00bb4%\u00a0\u00bb]<\/p>\n<p class=\"p1\"><span class=\"s1\">Nando aime la gentillesse et le romantisme, mais aussi le pragmatisme. Les voyages et la d\u00e9couverte des petites habitudes de vie des personnes qu\u2019il rencontre. Il a le sens de l\u2019hospitalit\u00e9, il adore cuisiner et prendre soin des personnes qu\u2019il aime et de celles qui d\u00e9cident de lui confier leur histoire.<\/span><\/p>\n<p>[\/et_pb_text][\/et_pb_column][et_pb_column type=\u00a0\u00bb1_2&Prime; _builder_version=\u00a0\u00bb3.25&Prime; background_position=\u00a0\u00bbtop_left\u00a0\u00bb custom_padding=\u00a0\u00bb|||\u00a0\u00bb custom_padding__hover=\u00a0\u00bb|||\u00a0\u00bb][et_pb_text disabled_on=\u00a0\u00bboff|off|off\u00a0\u00bb _builder_version=\u00a0\u00bb4.7.4&Prime; text_font=\u00a0\u00bb||||||||\u00a0\u00bb header_font=\u00a0\u00bb||||||||\u00a0\u00bb header_2_font=\u00a0\u00bb||||||||\u00a0\u00bb header_2_font_size=\u00a0\u00bb48px\u00a0\u00bb header_2_line_height=\u00a0\u00bb1.3em\u00a0\u00bb background_image=\u00a0\u00bbhttps:\/\/www.1783dimoradepoca.com\/wp-content\/uploads\/2021\/01\/dimora-storica-chiara.png\u00a0\u00bb background_size=\u00a0\u00bbcontain\u00a0\u00bb header_font_size__hover=\u00a0\u00bb30px\u00a0\u00bb header_font_size__hover_enabled=\u00a0\u00bb30px\u00a0\u00bb header_letter_spacing__hover=\u00a0\u00bb0px\u00a0\u00bb header_letter_spacing__hover_enabled=\u00a0\u00bb0px\u00a0\u00bb header_text_shadow_style__hover=\u00a0\u00bbnone\u00a0\u00bb header_text_shadow_style__hover_enabled=\u00a0\u00bbnone\u00a0\u00bb header_text_shadow_color__hover=\u00a0\u00bbrgba(0,0,0,0.4)\u00a0\u00bb header_text_shadow_color__hover_enabled=\u00a0\u00bbrgba(0,0,0,0.4)\u00a0\u00bb]<\/p>\n<h2 style=\"text-align: center;\">Chiara<\/h2>\n<p>[\/et_pb_text][et_pb_text _builder_version=\u00a0\u00bb4.7.4&Prime; text_font=\u00a0\u00bb||||||||\u00a0\u00bb text_text_color=\u00a0\u00bb#939393&Prime; text_font_size=\u00a0\u00bb17px\u00a0\u00bb text_line_height=\u00a0\u00bb1.8em\u00a0\u00bb header_font=\u00a0\u00bb||||\u00a0\u00bb background_size=\u00a0\u00bbinitial\u00a0\u00bb background_position=\u00a0\u00bbtop_left\u00a0\u00bb background_repeat=\u00a0\u00bbrepeat\u00a0\u00bb max_width=\u00a0\u00bb700px\u00a0\u00bb custom_padding=\u00a0\u00bb|0px||||\u00a0\u00bb animation_style=\u00a0\u00bbslide\u00a0\u00bb animation_direction=\u00a0\u00bbtop\u00a0\u00bb animation_intensity_slide=\u00a0\u00bb4%\u00a0\u00bb]<\/p>\n<p class=\"p1\"><span class=\"s1\">Chiara aime la simplicit\u00e9, la beaut\u00e9 qui se cache dans les petits riens, les films, les livres et les lieux paisibles. Elle aime conna\u00eetre la vie des autres et se plonger dans leur histoire.<\/span><\/p>\n<p>[\/et_pb_text][\/et_pb_column][\/et_pb_row][\/et_pb_section][et_pb_section fb_built=\u00a0\u00bb1&Prime; fullwidth=\u00a0\u00bbon\u00a0\u00bb _builder_version=\u00a0\u00bb4.7.4&Prime; _module_preset=\u00a0\u00bbdefault\u00a0\u00bb min_height=\u00a0\u00bb500px\u00a0\u00bb custom_margin=\u00a0\u00bb70px|||||\u00a0\u00bb][et_pb_fullwidth_image title_text=\u00a0\u00bbdimora-storica-histoire-logo-v2&Prime; _builder_version=\u00a0\u00bb4.7.4&Prime; _module_preset=\u00a0\u00bbdefault\u00a0\u00bb background_image=\u00a0\u00bbhttps:\/\/www.1783dimoradepoca.com\/wp-content\/uploads\/2020\/11\/dimora-storica-la-storia-logo-v2.jpg\u00a0\u00bb parallax=\u00a0\u00bbon\u00a0\u00bb min_height=\u00a0\u00bb500px\u00a0\u00bb custom_padding=\u00a0\u00bb7px||321px|||\u00a0\u00bb][\/et_pb_fullwidth_image][\/et_pb_section][et_pb_section fb_built=\u00a0\u00bb1&Prime; admin_label=\u00a0\u00bbOur Story\u00a0\u00bb _builder_version=\u00a0\u00bb3.22&Prime; background_color=\u00a0\u00bb#ffffff\u00a0\u00bb background_position=\u00a0\u00bbtop_left\u00a0\u00bb custom_margin=\u00a0\u00bb1px|||||\u00a0\u00bb custom_padding=\u00a0\u00bb100px|0px|100px|0px\u00a0\u00bb collapsed=\u00a0\u00bboff\u00a0\u00bb][et_pb_row column_structure=\u00a0\u00bb3_5,2_5&Prime; _builder_version=\u00a0\u00bb3.25&Prime; background_size=\u00a0\u00bbinitial\u00a0\u00bb background_position=\u00a0\u00bbtop_left\u00a0\u00bb background_repeat=\u00a0\u00bbrepeat\u00a0\u00bb custom_margin=\u00a0\u00bb|||\u00a0\u00bb custom_padding=\u00a0\u00bb|||\u00a0\u00bb][et_pb_column type=\u00a0\u00bb3_5&Prime; _builder_version=\u00a0\u00bb3.25&Prime; background_position=\u00a0\u00bbtop_left\u00a0\u00bb custom_padding=\u00a0\u00bb|||\u00a0\u00bb custom_padding__hover=\u00a0\u00bb|||\u00a0\u00bb][et_pb_text disabled_on=\u00a0\u00bboff|off|off\u00a0\u00bb _builder_version=\u00a0\u00bb4.7.4&Prime; text_font=\u00a0\u00bb||||||||\u00a0\u00bb header_font=\u00a0\u00bb||||||||\u00a0\u00bb header_2_font=\u00a0\u00bb||||||||\u00a0\u00bb header_2_font_size=\u00a0\u00bb48px\u00a0\u00bb header_2_line_height=\u00a0\u00bb1.3em\u00a0\u00bb background_size=\u00a0\u00bbinitial\u00a0\u00bb background_position=\u00a0\u00bbtop_left\u00a0\u00bb background_repeat=\u00a0\u00bbrepeat\u00a0\u00bb header_font_size__hover=\u00a0\u00bb30px\u00a0\u00bb header_font_size__hover_enabled=\u00a0\u00bb30px\u00a0\u00bb header_letter_spacing__hover=\u00a0\u00bb0px\u00a0\u00bb header_letter_spacing__hover_enabled=\u00a0\u00bb0px\u00a0\u00bb header_text_shadow_style__hover=\u00a0\u00bbnone\u00a0\u00bb header_text_shadow_style__hover_enabled=\u00a0\u00bbnone\u00a0\u00bb header_text_shadow_color__hover=\u00a0\u00bbrgba(0,0,0,0.4)\u00a0\u00bb header_text_shadow_color__hover_enabled=\u00a0\u00bbrgba(0,0,0,0.4)\u00a0\u00bb]<\/p>\n<h2 class=\"p1\"><span class=\"s1\">Le nom et le lieu de notre maison d\u2019h\u00f4tes<\/span><\/h2>\n<p>[\/et_pb_text][et_pb_text _builder_version=\u00a0\u00bb4.7.4&Prime; text_font=\u00a0\u00bb||||||||\u00a0\u00bb text_text_color=\u00a0\u00bb#939393&Prime; text_font_size=\u00a0\u00bb17px\u00a0\u00bb text_line_height=\u00a0\u00bb1.8em\u00a0\u00bb header_font=\u00a0\u00bb||||\u00a0\u00bb background_size=\u00a0\u00bbinitial\u00a0\u00bb background_position=\u00a0\u00bbtop_left\u00a0\u00bb background_repeat=\u00a0\u00bbrepeat\u00a0\u00bb max_width=\u00a0\u00bb700px\u00a0\u00bb custom_padding=\u00a0\u00bb|0px||||\u00a0\u00bb animation_style=\u00a0\u00bbslide\u00a0\u00bb animation_direction=\u00a0\u00bbtop\u00a0\u00bb animation_intensity_slide=\u00a0\u00bb4%\u00a0\u00bb]<\/p>\n<p class=\"p1\"><strong><span class=\"s1\">C\u2019est la gravure originale du linteau de l\u2019entr\u00e9e qui nous a inspir\u00e9 le nom de notre maison d\u2019h\u00f4tes. Il \u00e9tait d\u00e9j\u00e0 l\u00e0, grav\u00e9 dans cette vieille pierre.<\/span><\/strong><\/p>\n<p class=\"p1\"><span class=\"s1\">Aussi avons-nous d\u00e9cid\u00e9 d\u2019encadrer la gravure du rez-de-chauss\u00e9e et de redessiner un \u00e9l\u00e9ment cher \u00e0 cette demeure.<\/span><\/p>\n<p class=\"p1\"><span class=\"s1\">\u00c0 savoir une fleur qui fut grav\u00e9e sur la plus haute <em>cummersa<\/em>*.<\/span><\/p>\n<p class=\"p1\"><em><span class=\"s1\">* Les maisons de Locorotondo sont couvertes de toits pentus caract\u00e9ristiques dits \u00ab cummerse \u00bb, faits de pierres calcaires plates extraites des carri\u00e8res locales et nomm\u00e9es \u00ab chiancarelle \u00bb.<\/span><\/em><\/p>\n<p>[\/et_pb_text][\/et_pb_column][et_pb_column type=\u00a0\u00bb2_5&Prime; _builder_version=\u00a0\u00bb3.25&Prime; background_position=\u00a0\u00bbtop_left\u00a0\u00bb custom_padding=\u00a0\u00bb|||\u00a0\u00bb custom_padding__hover=\u00a0\u00bb|||\u00a0\u00bb][et_pb_image src=\u00a0\u00bbhttps:\/\/www.1783dimoradepoca.com\/wp-content\/uploads\/2021\/02\/dimora-storica-nuovo-LOGO-istituzionale-colore.jpg\u00a0\u00bb title_text=\u00a0\u00bbdimora-storica-nouveau-LOGO istituzionale-coleur\u00a0\u00bb _builder_version=\u00a0\u00bb4.7.4&Prime; _module_preset=\u00a0\u00bbdefault\u00a0\u00bb custom_margin=\u00a0\u00bb133px|||||\u00a0\u00bb][\/et_pb_image][\/et_pb_column][\/et_pb_row][\/et_pb_section]<\/p>\n","protected":false},"excerpt":{"rendered":"<p>1783 &#8211; Dimora d\u2019Epoca est un nid douillet, une id\u00e9e de Nando. Nando a toujours voulu maintenir des liens durables avec sa r\u00e9gion d\u2019origine, les Pouilles. En 2017, sa carri\u00e8re termin\u00e9e (il a longtemps travaill\u00e9 dans le marketing pour le secteur des produits de consommation courante et de luxe), il d\u00e9cide d\u2019\u00e9crire une nouvelle histoire, [&hellip;]<\/p>\n","protected":false},"author":3,"featured_media":0,"parent":0,"menu_order":0,"comment_status":"closed","ping_status":"closed","template":"","meta":{"_et_pb_use_builder":"on","_et_pb_old_content":"","_et_gb_content_width":"","footnotes":""},"class_list":["post-666","page","type-page","status-publish","hentry"],"yoast_head":"<!-- This site is optimized with the Yoast SEO plugin v27.3 - https:\/\/yoast.com\/product\/yoast-seo-wordpress\/ -->\n<title>L&#039;histoire - 1783 Dimora d&#039;Epoca<\/title>\n<meta name=\"robots\" content=\"index, follow, max-snippet:-1, max-image-preview:large, max-video-preview:-1\" \/>\n<link rel=\"canonical\" href=\"https:\/\/www.1783dimoradepoca.com\/fr\/lhistoire\/\" \/>\n<meta property=\"og:locale\" content=\"fr_FR\" \/>\n<meta property=\"og:type\" content=\"article\" \/>\n<meta property=\"og:title\" content=\"L&#039;histoire - 1783 Dimora d&#039;Epoca\" \/>\n<meta property=\"og:description\" content=\"1783 - Dimora d\u2019Epoca est un nid douillet, une id\u00e9e de Nando. Nando a toujours voulu maintenir des liens durables avec sa r\u00e9gion d\u2019origine, les Pouilles. En 2017, sa carri\u00e8re termin\u00e9e (il a longtemps travaill\u00e9 dans le marketing pour le secteur des produits de consommation courante et de luxe), il d\u00e9cide d\u2019\u00e9crire une nouvelle histoire, [&hellip;]\" \/>\n<meta property=\"og:url\" content=\"https:\/\/www.1783dimoradepoca.com\/fr\/lhistoire\/\" \/>\n<meta property=\"og:site_name\" content=\"1783 Dimora d&#039;Epoca\" \/>\n<meta property=\"article:publisher\" content=\"https:\/\/www.facebook.com\/1783-Dimora-depoca-111340963747597\/\" \/>\n<meta property=\"article:modified_time\" content=\"2022-02-02T15:33:10+00:00\" \/>\n<meta name=\"twitter:card\" content=\"summary_large_image\" \/>\n<meta name=\"twitter:label1\" content=\"Dur\u00e9e de lecture estim\u00e9e\" \/>\n\t<meta name=\"twitter:data1\" content=\"6 minutes\" \/>\n<script type=\"application\/ld+json\" class=\"yoast-schema-graph\">{\"@context\":\"https:\\\/\\\/schema.org\",\"@graph\":[{\"@type\":\"WebPage\",\"@id\":\"https:\\\/\\\/www.1783dimoradepoca.com\\\/fr\\\/lhistoire\\\/\",\"url\":\"https:\\\/\\\/www.1783dimoradepoca.com\\\/fr\\\/lhistoire\\\/\",\"name\":\"L'histoire - 1783 Dimora d&#039;Epoca\",\"isPartOf\":{\"@id\":\"https:\\\/\\\/www.1783dimoradepoca.com\\\/fr\\\/#website\"},\"datePublished\":\"2021-03-24T13:34:01+00:00\",\"dateModified\":\"2022-02-02T15:33:10+00:00\",\"breadcrumb\":{\"@id\":\"https:\\\/\\\/www.1783dimoradepoca.com\\\/fr\\\/lhistoire\\\/#breadcrumb\"},\"inLanguage\":\"fr-FR\",\"potentialAction\":[{\"@type\":\"ReadAction\",\"target\":[\"https:\\\/\\\/www.1783dimoradepoca.com\\\/fr\\\/lhistoire\\\/\"]}]},{\"@type\":\"BreadcrumbList\",\"@id\":\"https:\\\/\\\/www.1783dimoradepoca.com\\\/fr\\\/lhistoire\\\/#breadcrumb\",\"itemListElement\":[{\"@type\":\"ListItem\",\"position\":1,\"name\":\"Home\",\"item\":\"https:\\\/\\\/www.1783dimoradepoca.com\\\/fr\\\/\"},{\"@type\":\"ListItem\",\"position\":2,\"name\":\"L&#8217;histoire\"}]},{\"@type\":\"WebSite\",\"@id\":\"https:\\\/\\\/www.1783dimoradepoca.com\\\/fr\\\/#website\",\"url\":\"https:\\\/\\\/www.1783dimoradepoca.com\\\/fr\\\/\",\"name\":\"1783 Dimora d'Epoca\",\"description\":\"B&amp;B Locorotondo\",\"publisher\":{\"@id\":\"https:\\\/\\\/www.1783dimoradepoca.com\\\/fr\\\/#organization\"},\"potentialAction\":[{\"@type\":\"SearchAction\",\"target\":{\"@type\":\"EntryPoint\",\"urlTemplate\":\"https:\\\/\\\/www.1783dimoradepoca.com\\\/fr\\\/?s={search_term_string}\"},\"query-input\":{\"@type\":\"PropertyValueSpecification\",\"valueRequired\":true,\"valueName\":\"search_term_string\"}}],\"inLanguage\":\"fr-FR\"},{\"@type\":\"Organization\",\"@id\":\"https:\\\/\\\/www.1783dimoradepoca.com\\\/fr\\\/#organization\",\"name\":\"1783 - Dimora d'Epoca\",\"url\":\"https:\\\/\\\/www.1783dimoradepoca.com\\\/fr\\\/\",\"logo\":{\"@type\":\"ImageObject\",\"inLanguage\":\"fr-FR\",\"@id\":\"https:\\\/\\\/www.1783dimoradepoca.com\\\/fr\\\/#\\\/schema\\\/logo\\\/image\\\/\",\"url\":\"https:\\\/\\\/www.1783dimoradepoca.com\\\/wp-content\\\/uploads\\\/2021\\\/02\\\/dimora-depoca-nuovo-LOGO-istituzionale-colore.png\",\"contentUrl\":\"https:\\\/\\\/www.1783dimoradepoca.com\\\/wp-content\\\/uploads\\\/2021\\\/02\\\/dimora-depoca-nuovo-LOGO-istituzionale-colore.png\",\"width\":1916,\"height\":1152,\"caption\":\"1783 - Dimora d'Epoca\"},\"image\":{\"@id\":\"https:\\\/\\\/www.1783dimoradepoca.com\\\/fr\\\/#\\\/schema\\\/logo\\\/image\\\/\"},\"sameAs\":[\"https:\\\/\\\/www.facebook.com\\\/1783-Dimora-depoca-111340963747597\\\/\",\"https:\\\/\\\/www.instagram.com\\\/1783_dimora_depoca\\\/\"]}]}<\/script>\n<!-- \/ Yoast SEO plugin. -->","yoast_head_json":{"title":"L'histoire - 1783 Dimora d&#039;Epoca","robots":{"index":"index","follow":"follow","max-snippet":"max-snippet:-1","max-image-preview":"max-image-preview:large","max-video-preview":"max-video-preview:-1"},"canonical":"https:\/\/www.1783dimoradepoca.com\/fr\/lhistoire\/","og_locale":"fr_FR","og_type":"article","og_title":"L'histoire - 1783 Dimora d&#039;Epoca","og_description":"1783 - Dimora d\u2019Epoca est un nid douillet, une id\u00e9e de Nando. Nando a toujours voulu maintenir des liens durables avec sa r\u00e9gion d\u2019origine, les Pouilles. En 2017, sa carri\u00e8re termin\u00e9e (il a longtemps travaill\u00e9 dans le marketing pour le secteur des produits de consommation courante et de luxe), il d\u00e9cide d\u2019\u00e9crire une nouvelle histoire, [&hellip;]","og_url":"https:\/\/www.1783dimoradepoca.com\/fr\/lhistoire\/","og_site_name":"1783 Dimora d&#039;Epoca","article_publisher":"https:\/\/www.facebook.com\/1783-Dimora-depoca-111340963747597\/","article_modified_time":"2022-02-02T15:33:10+00:00","twitter_card":"summary_large_image","twitter_misc":{"Dur\u00e9e de lecture estim\u00e9e":"6 minutes"},"schema":{"@context":"https:\/\/schema.org","@graph":[{"@type":"WebPage","@id":"https:\/\/www.1783dimoradepoca.com\/fr\/lhistoire\/","url":"https:\/\/www.1783dimoradepoca.com\/fr\/lhistoire\/","name":"L'histoire - 1783 Dimora d&#039;Epoca","isPartOf":{"@id":"https:\/\/www.1783dimoradepoca.com\/fr\/#website"},"datePublished":"2021-03-24T13:34:01+00:00","dateModified":"2022-02-02T15:33:10+00:00","breadcrumb":{"@id":"https:\/\/www.1783dimoradepoca.com\/fr\/lhistoire\/#breadcrumb"},"inLanguage":"fr-FR","potentialAction":[{"@type":"ReadAction","target":["https:\/\/www.1783dimoradepoca.com\/fr\/lhistoire\/"]}]},{"@type":"BreadcrumbList","@id":"https:\/\/www.1783dimoradepoca.com\/fr\/lhistoire\/#breadcrumb","itemListElement":[{"@type":"ListItem","position":1,"name":"Home","item":"https:\/\/www.1783dimoradepoca.com\/fr\/"},{"@type":"ListItem","position":2,"name":"L&#8217;histoire"}]},{"@type":"WebSite","@id":"https:\/\/www.1783dimoradepoca.com\/fr\/#website","url":"https:\/\/www.1783dimoradepoca.com\/fr\/","name":"1783 Dimora d'Epoca","description":"B&amp;B Locorotondo","publisher":{"@id":"https:\/\/www.1783dimoradepoca.com\/fr\/#organization"},"potentialAction":[{"@type":"SearchAction","target":{"@type":"EntryPoint","urlTemplate":"https:\/\/www.1783dimoradepoca.com\/fr\/?s={search_term_string}"},"query-input":{"@type":"PropertyValueSpecification","valueRequired":true,"valueName":"search_term_string"}}],"inLanguage":"fr-FR"},{"@type":"Organization","@id":"https:\/\/www.1783dimoradepoca.com\/fr\/#organization","name":"1783 - Dimora d'Epoca","url":"https:\/\/www.1783dimoradepoca.com\/fr\/","logo":{"@type":"ImageObject","inLanguage":"fr-FR","@id":"https:\/\/www.1783dimoradepoca.com\/fr\/#\/schema\/logo\/image\/","url":"https:\/\/www.1783dimoradepoca.com\/wp-content\/uploads\/2021\/02\/dimora-depoca-nuovo-LOGO-istituzionale-colore.png","contentUrl":"https:\/\/www.1783dimoradepoca.com\/wp-content\/uploads\/2021\/02\/dimora-depoca-nuovo-LOGO-istituzionale-colore.png","width":1916,"height":1152,"caption":"1783 - Dimora d'Epoca"},"image":{"@id":"https:\/\/www.1783dimoradepoca.com\/fr\/#\/schema\/logo\/image\/"},"sameAs":["https:\/\/www.facebook.com\/1783-Dimora-depoca-111340963747597\/","https:\/\/www.instagram.com\/1783_dimora_depoca\/"]}]}},"_links":{"self":[{"href":"https:\/\/www.1783dimoradepoca.com\/fr\/wp-json\/wp\/v2\/pages\/666","targetHints":{"allow":["GET"]}}],"collection":[{"href":"https:\/\/www.1783dimoradepoca.com\/fr\/wp-json\/wp\/v2\/pages"}],"about":[{"href":"https:\/\/www.1783dimoradepoca.com\/fr\/wp-json\/wp\/v2\/types\/page"}],"author":[{"embeddable":true,"href":"https:\/\/www.1783dimoradepoca.com\/fr\/wp-json\/wp\/v2\/users\/3"}],"replies":[{"embeddable":true,"href":"https:\/\/www.1783dimoradepoca.com\/fr\/wp-json\/wp\/v2\/comments?post=666"}],"version-history":[{"count":0,"href":"https:\/\/www.1783dimoradepoca.com\/fr\/wp-json\/wp\/v2\/pages\/666\/revisions"}],"wp:attachment":[{"href":"https:\/\/www.1783dimoradepoca.com\/fr\/wp-json\/wp\/v2\/media?parent=666"}],"curies":[{"name":"wp","href":"https:\/\/api.w.org\/{rel}","templated":true}]}}